{"id":310,"date":"2024-05-06T20:26:08","date_gmt":"2024-05-06T18:26:08","guid":{"rendered":"https:\/\/pyphouse.com\/home\/"},"modified":"2025-02-15T20:20:54","modified_gmt":"2025-02-15T19:20:54","slug":"alojamientos-menorca","status":"publish","type":"page","link":"https:\/\/pyphouse.com\/fr\/","title":{"rendered":"H\u00e9bergement \u00e0 Minorque"},"content":{"rendered":"<div class=\"wp-block-uagb-container uagb-block-57881b5e alignfull uagb-is-root-container\"><div class=\"uagb-container__video-wrap\"><video autoplay loop muted playsinline><source src=\"http:\/\/pyphouse.com\/wp-content\/uploads\/2024\/05\/pyp-house-menorca-home.mp4\" type=\"video\/mp4\"\/><\/video><\/div><div class=\"uagb-container-inner-blocks-wrap\">\n<div class=\"wp-block-uagb-info-box uagb-block-4d55eb87 uagb-infobox__content-wrap  uagb-infobox-icon-above-title uagb-infobox-image-valign-top\"><div class=\"uagb-ifb-content\"><div class=\"uagb-ifb-title-wrap\"><h1 class=\"uagb-ifb-title\">Descubre la Magia de Menorca<\/h1><\/div><\/div><\/div>\n\n\n\n<div class=\"wp-block-uagb-advanced-heading uagb-block-e287db4e\"><h4 class=\"uagb-heading-text\">Menorca no se cuenta, se vive.  D\u00e9jate llevar por su luz y su calma. <br>En P&amp;P House cuidamos cada detalle para que<br>tus vacaciones sean inolvidables <\/h4><\/div>\n\n\n\n<div class=\"wp-block-uagb-container uagb-block-deb90629\"><div class=\"wpbs_s-search-widget wpbs_s-search-widget-multiple-date-search\" data-calendars=\"all\" data-language=\"auto\" data-title=\"yes\" data-mark_selection=\"yes\" data-start_day=\"1\" data-selection_type=\"multiple\" data-minimum_stay=\"2\" data-featured_image=\"yes\" data-starting_price=\"yes\" data-show_results_on_load=\"no\" data-results_layout=\"list\" data-results_per_page=\"20\" data-redirect=\"\" ><div class=\"wpbs_s-search-widget-form-wrap\">\r\n<h2>Recherche<\/h2>\r\n\r\n<form action=\"#\" method=\"GET\" class=\"wpbs_s-search-widget-form wpbs_s-search-widget-form-fields-3\" autocomplete=\"off\" data-trp-original-action=\"#\">\r\n\r\n    \r\n    <div class=\"wpbs_s-search-widget-field wpbs-search-widget-field-start-date\">\r\n        <label for=\"wpbs_s-search-widget-datepicker-start-date-1c46dd52\">Jour d'entr\u00e9e<\/label>\r\n        <input type=\"text\" placeholder=\"\" value=\"\" id=\"wpbs_s-search-widget-datepicker-start-date-1c46dd52\" class=\"wpbs_s-search-widget-datepicker wpbs_s-search-widget-datepicker-start-date\" name=\"start-date\" readonly \/>\r\n        <input type=\"hidden\" value=\"\" id=\"wpbs_s-search-widget-datepicker-standard-format-start-date-1c46dd52\" class=\"wpbs_s-search-widget-datepicker-standard-format-start-date\" name=\"wpbs-search-start-date\" \/>\r\n    <\/div>\r\n\r\n    \r\n        <div class=\"wpbs_s-search-widget-field wpbs-search-widget-field-end-date\">\r\n            <label for=\"wpbs_s-search-widget-datepicker-end-date-1c46dd52\">Jour du d\u00e9part<\/label>\r\n            <input type=\"text\" placeholder=\"\" value=\"\" id=\"wpbs_s-search-widget-datepicker-end-date-1c46dd52\" class=\"wpbs_s-search-widget-datepicker wpbs_s-search-widget-datepicker-end-date\" name=\"end-date\" readonly \/>\r\n            <input type=\"hidden\" value=\"\" id=\"wpbs_s-search-widget-datepicker-standard-format-end-date-1c46dd52\" class=\"wpbs_s-search-widget-datepicker-standard-format-end-date\" name=\"wpbs-search-end-date\" \/>\r\n        <\/div>\r\n\r\n    \r\n    \r\n        \r\n\r\n        <div class=\"wpbs_s-search-widget-field wpbs_s-search-widget-additional-field wpbs-search-widget-field-required wpbs-search-widget-field-wpbs-search-huespedes\">\r\n            <label for=\"wpbs_s-search-widget-field-wpbs-search-huespedes-1c46dd52\">Invit\u00e9s<\/label>\r\n\r\n                            <span class=\"wpbs_s-search-widget-field-select-wrap\">\r\n                    <select name=\"wpbs-search-huespedes\" class=\"wpbs_s-search-widget-field-wpbs-search-huespedes\" >\r\n                                                                                                    <option value=\"1\" >1<\/option>\r\n                                                    <option value=\"2\" >2<\/option>\r\n                                                    <option value=\"3\" >3<\/option>\r\n                                                    <option value=\"4\" >4<\/option>\r\n                                                    <option value=\"5\" >5<\/option>\r\n                                                    <option value=\"6\" >6<\/option>\r\n                                            <\/select>\r\n                <\/span>\r\n            \r\n        <\/div>\r\n    \r\n    <div class=\"wpbs_s-search-widget-field wpbs_s-search-widget-field-submit\">\r\n        <button class=\"wpbs_s-search-widget-datepicker-submit\">Recherche<\/button>\r\n    <\/div>\r\n\r\n<input type=\"hidden\" name=\"trp-form-language\" value=\"fr\"\/><\/form>\r\n<\/div><div class=\"wpbs_s-search-widget-results-wrap\" data-label-previous=\"Anterior\" data-label-next=\"Pr\u00f3ximo\"><\/div><div class=\"wpbs-search-container-loaded\" data-just-loaded=\"1\"><\/div><\/div><\/div>\n<\/div><\/div>\n\n\n\n<div class=\"wp-block-uagb-container uagb-block-21d5a2d0 alignfull uagb-is-root-container\"><div class=\"uagb-container-inner-blocks-wrap\">\n<div class=\"wp-block-uagb-advanced-heading uagb-block-6f5731e0\"><h2 class=\"uagb-heading-text\">Nos services<\/h2><p class=\"uagb-desc-text\"><strong>VIVE MENORCA A TU MANERA<\/strong><br>Disfruta de una escapada \u00fanica, encuentra la casa de tus sue\u00f1os o haz que tu propiedad trabaje para ti.<br><strong>Descubre c\u00f3mo podemos ayudarte<\/strong><\/p><div class=\"uagb-separator\"><\/div><\/div>\n\n\n\n<div class=\"wp-block-uagb-container uagb-block-4b7d580f\">\n<div class=\"wp-block-uagb-container uagb-block-05c790bc\">\n<div class=\"wp-block-uagb-advanced-heading uagb-block-d65bf4ef\"><h6 class=\"uagb-heading-text\">01<\/h6><\/div>\n\n\n\n<div class=\"wp-block-uagb-advanced-heading uagb-block-2f7dc65c\"><h4 class=\"uagb-heading-text\">Alquiler Vacacional<\/h4><p class=\"uagb-desc-text\">Disfruta de una estancia inolvidable en Menorca con nuestras <strong>villas, casas<\/strong> y <strong>apartamentos<\/strong> de alquiler vacacional.<\/p><\/div>\n<\/div>\n\n\n\n<div class=\"wp-block-uagb-container uagb-block-38d21c4f\">\n<div class=\"wp-block-uagb-advanced-heading uagb-block-d5739989\"><h6 class=\"uagb-heading-text\">02<\/h6><\/div>\n\n\n\n<div class=\"wp-block-uagb-advanced-heading uagb-block-ac40a0ce\"><h4 class=\"uagb-heading-text\">Alquiler de Tempordada o <br>todo el a\u00f1o<\/h4><p class=\"uagb-desc-text\">Si buscas una vivienda en Menorca por <strong>meses<\/strong> o <strong>largas estancia<\/strong>, te ofrecemos opciones flexibles y personalizadas. <\/p><\/div>\n<\/div>\n\n\n\n<div class=\"wp-block-uagb-container uagb-block-34925334\">\n<div class=\"wp-block-uagb-advanced-heading uagb-block-be27b685\"><h6 class=\"uagb-heading-text\">03<\/h6><\/div>\n\n\n\n<div class=\"wp-block-uagb-advanced-heading uagb-block-8ffe2a9c\"><h4 class=\"uagb-heading-text\">Compra y Venta <br>de Viviendas<\/h4><p class=\"uagb-desc-text\">Te ayudamos a <strong>encontrar<\/strong> o <strong>vender<\/strong> tu propiedad en Menorca con un servicio 100% personalizado.<\/p><\/div>\n<\/div>\n\n\n\n<div class=\"wp-block-uagb-container uagb-block-d18758d4\">\n<div class=\"wp-block-uagb-advanced-heading uagb-block-3a2f2844\"><h6 class=\"uagb-heading-text\">04<\/h6><\/div>\n\n\n\n<div class=\"wp-block-uagb-advanced-heading uagb-block-aaf6045f\"><h4 class=\"uagb-heading-text\">Gesti\u00f3n y Rentabilidad del<br>Propiedades<\/h4><p class=\"uagb-desc-text\">Si eres propietario, <strong>maximizamos <\/strong>el<strong> rendimiento <\/strong>de tu inmueble con una <strong>gesti\u00f3n<\/strong> <strong>profesional<\/strong>.<\/p><\/div>\n<\/div>\n<\/div>\n<\/div><\/div>\n\n\n\n<div class=\"wp-block-uagb-container uagb-block-808d9dc2 alignfull uagb-is-root-container\"><div class=\"uagb-container-inner-blocks-wrap\">\n<div class=\"wp-block-uagb-advanced-heading uagb-block-7566d5a2\"><h2 class=\"uagb-heading-text\">D\u00e9couvrez nos services en vedette<\/h2><p class=\"uagb-desc-text\">Desde alquiler vacacional en Menorca hasta la compra y venta de propiedades exclusivas, ofrecemos un servicio personalizado y profesional para que encuentres la opci\u00f3n perfecta.<br><br>Si buscas alquilar una Villa, Casa o apartamento en Menorca, comprar una vivienda o rentabilizar tu propiedad, somos tu mejor aliado.<br><br>Convierte tus vacaciones o inversi\u00f3n en una experiencia excepcional.<\/p><div class=\"uagb-separator\"><\/div><\/div>\n\n\n\n<div class=\"wp-block-uagb-container uagb-block-2f26de08\">\n<div class=\"wp-block-uagb-container uagb-block-d5e320d6\">\n<div class=\"wp-block-uagb-image uagb-block-1b340dd2 wp-block-uagb-image--layout-default wp-block-uagb-image--effect-static wp-block-uagb-image--align-none\"><figure class=\"wp-block-uagb-image__figure\"><img decoding=\"async\" srcset=\"https:\/\/pyphouse.com\/wp-content\/uploads\/2024\/07\/WhatsApp-Image-2024-06-18-at-16.32.13-edited.jpeg ,https:\/\/pyphouse.com\/wp-content\/uploads\/2024\/07\/WhatsApp-Image-2024-06-18-at-16.32.13.jpeg 780w, https:\/\/pyphouse.com\/wp-content\/uploads\/2024\/07\/WhatsApp-Image-2024-06-18-at-16.32.13.jpeg 360w\" sizes=\"auto, (max-width: 480px) 150px\" src=\"https:\/\/pyphouse.com\/wp-content\/uploads\/2024\/07\/WhatsApp-Image-2024-06-18-at-16.32.13-edited.jpeg\" alt=\"\" class=\"uag-image-1014\" width=\"635\" height=\"903\" title=\"WhatsApp Image 2024-06-18 \u00e0 16.32.13\" loading=\"lazy\" role=\"img\"\/><\/figure><\/div>\n\n\n\n<div class=\"wp-block-uagb-advanced-heading uagb-block-55b84596\"><h6 class=\"uagb-heading-text\">Des s\u00e9jours parfaits<\/h6><\/div>\n\n\n\n<div class=\"wp-block-uagb-advanced-heading uagb-block-b7dc8069\"><h5 class=\"uagb-heading-text\">Location de vacances<\/h5><p class=\"uagb-desc-text\">Trouvez le logement id\u00e9al pour vos vacances \u00e0 Minorque gr\u00e2ce \u00e0 notre service de location de vacances.<\/p><\/div>\n\n\n\n<div class=\"wp-block-uagb-buttons uagb-buttons__outer-wrap uagb-btn__default-btn uagb-btn-tablet__default-btn uagb-btn-mobile__default-btn uagb-block-164f568b\"><div class=\"uagb-buttons__wrap uagb-buttons-layout-wrap\">\n<div class=\"wp-block-uagb-buttons-child uagb-buttons__outer-wrap uagb-block-91773f40 wp-block-button\"><div class=\"uagb-button__wrapper\"><a class=\"uagb-buttons-repeater wp-block-button__link\" aria-label=\"\" href=\"\/fr\/alquiler-vacacional\/\" rel=\"follow noopener\" target=\"_self\" role=\"button\"><div class=\"uagb-button__link\">Plus d'informations<\/div><span class=\"uagb-button__icon uagb-button__icon-position-after\"><svg xmlns=\"https:\/\/www.w3.org\/2000\/svg\" viewbox=\"0 0 448 512\" aria-hidden=\"true\" focussable=\"false\"><path d=\"M438.6 278.6l-160 160C272.4 444.9 264.2 448 256 448s-16.38-3.125-22.62-9.375c-12.5-12.5-12.5-32.75 0-45.25L338.8 288H32C14.33 288 .0016 273.7 .0016 256S14.33 224 32 224h306.8l-105.4-105.4c-12.5-12.5-12.5-32.75 0-45.25s32.75-12.5 45.25 0l160 160C451.1 245.9 451.1 266.1 438.6 278.6z\"><\/path><\/svg><\/span><\/a><\/div><\/div>\n<\/div><\/div>\n<\/div>\n\n\n\n<div class=\"wp-block-uagb-container uagb-block-b08e8f63\">\n<div class=\"wp-block-uagb-image uagb-block-2627fd1a wp-block-uagb-image--layout-default wp-block-uagb-image--effect-static wp-block-uagb-image--align-none\"><figure class=\"wp-block-uagb-image__figure\"><img decoding=\"async\" srcset=\"https:\/\/pyphouse.com\/wp-content\/uploads\/2024\/07\/WhatsApp-Image-2024-06-18-at-16.27.46-edited.jpeg ,https:\/\/pyphouse.com\/wp-content\/uploads\/2024\/07\/WhatsApp-Image-2024-06-18-at-16.27.46.jpeg 780w, https:\/\/pyphouse.com\/wp-content\/uploads\/2024\/07\/WhatsApp-Image-2024-06-18-at-16.27.46.jpeg 360w\" sizes=\"auto, (max-width: 480px) 150px\" src=\"https:\/\/pyphouse.com\/wp-content\/uploads\/2024\/07\/WhatsApp-Image-2024-06-18-at-16.27.46-edited.jpeg\" alt=\"\" class=\"uag-image-1015\" width=\"983\" height=\"347\" title=\"WhatsApp Image 2024-06-18 \u00e0 16.27.46\" loading=\"lazy\" role=\"img\"\/><\/figure><\/div>\n\n\n\n<div class=\"wp-block-uagb-advanced-heading uagb-block-8e282251\"><h6 class=\"uagb-heading-text\">Propri\u00e9t\u00e9s exclusives<\/h6><\/div>\n\n\n\n<div class=\"wp-block-uagb-advanced-heading uagb-block-007bbc4e\"><h5 class=\"uagb-heading-text\">Vente<\/h5><p class=\"uagb-desc-text\">D\u00e9couvrez et achetez les meilleures propri\u00e9t\u00e9s de Minorque gr\u00e2ce \u00e0 nos conseils d'experts.<\/p><\/div>\n\n\n\n<div class=\"wp-block-uagb-buttons uagb-buttons__outer-wrap uagb-btn__default-btn uagb-btn-tablet__default-btn uagb-btn-mobile__default-btn uagb-block-8782c7d5\"><div class=\"uagb-buttons__wrap uagb-buttons-layout-wrap\">\n<div class=\"wp-block-uagb-buttons-child uagb-buttons__outer-wrap uagb-block-94056dcb wp-block-button\"><div class=\"uagb-button__wrapper\"><a class=\"uagb-buttons-repeater wp-block-button__link\" aria-label=\"\" href=\"\/fr\/venta\/\" rel=\"follow noopener\" target=\"_self\" role=\"button\"><div class=\"uagb-button__link\">Plus d'informations<\/div><span class=\"uagb-button__icon uagb-button__icon-position-after\"><svg xmlns=\"https:\/\/www.w3.org\/2000\/svg\" viewbox=\"0 0 448 512\" aria-hidden=\"true\" focussable=\"false\"><path d=\"M438.6 278.6l-160 160C272.4 444.9 264.2 448 256 448s-16.38-3.125-22.62-9.375c-12.5-12.5-12.5-32.75 0-45.25L338.8 288H32C14.33 288 .0016 273.7 .0016 256S14.33 224 32 224h306.8l-105.4-105.4c-12.5-12.5-12.5-32.75 0-45.25s32.75-12.5 45.25 0l160 160C451.1 245.9 451.1 266.1 438.6 278.6z\"><\/path><\/svg><\/span><\/a><\/div><\/div>\n<\/div><\/div>\n<\/div>\n<\/div>\n<\/div><\/div>\n\n\n\n<div class=\"wp-block-uagb-container uagb-block-76eab02e alignfull uagb-is-root-container\"><div class=\"uagb-container-inner-blocks-wrap\">\n<div class=\"wp-block-uagb-container uagb-block-d7e92920\">\n<div class=\"wp-block-uagb-info-box uagb-block-8ff1df09 uagb-infobox__content-wrap  uagb-infobox-icon-above-title uagb-infobox-image-valign-top\"><div class=\"uagb-ifb-content\"><div class=\"uagb-ifb-icon-wrap\"><svg xmlns=\"https:\/\/www.w3.org\/2000\/svg\" viewbox=\"0 0 448 512\"><path d=\"M96 96C42.98 96 0 138.1 0 192s42.98 96 96 96c11.28 0 21.95-2.305 32-5.879V288c0 35.3-28.7 64-64 64c-17.67 0-32 14.33-32 32s14.33 32 32 32c70.58 0 128-57.42 128-128V192C192 138.1 149 96 96 96zM448 192c0-53.02-42.98-96-96-96s-96 42.98-96 96s42.98 96 96 96c11.28 0 21.95-2.305 32-5.879V288c0 35.3-28.7 64-64 64c-17.67 0-32 14.33-32 32s14.33 32 32 32c70.58 0 128-57.42 128-128V192z\"><\/path><\/svg><\/div><div class=\"uagb-ifb-title-wrap\"><h2 class=\"uagb-ifb-title\">Lo que dicen nuestros clientes<\/h2><\/div><div class=\"uagb-ifb-separator\"><\/div><p class=\"uagb-ifb-desc\">La mejor garant\u00eda de nuestro trabajo son las experiencias de quienes han confiado en nosotros. Descubre las opiniones de clientes satisfechos que han encontrado en <strong>P&amp;P House<\/strong> el servicio exclusivo y personalizado que buscaban, ya sea para su <strong>alquiler vacacional, compra de vivienda o inversi\u00f3n inmobiliaria.<\/strong><br><\/p><\/div><\/div>\n\n\n\n<blockquote class=\"wp-block-quote has-text-align-center is-layout-flow wp-block-quote-is-layout-flow\">\n<h2 class=\"wp-block-heading\"><em>\u00abTu pr\u00f3xima historia de \u00e9xito empieza aqu\u00ed\u00bb<\/em><\/h2>\n<\/blockquote>\n<\/div>\n\n\n\n<div class=\"wp-block-uagb-container uagb-block-18f9e5d5\">\n<div class=\"wp-block-uagb-container uagb-block-a01e1151\">\n<div class=\"wp-block-uagb-star-rating uagb-block-20c95496\"><div class=\"uag-star-rating\" title=\"5\/5\"><span class=\"uag-star\">\u2605<\/span><span class=\"uag-star\">\u2605<\/span><span class=\"uag-star\">\u2605<\/span><span class=\"uag-star\">\u2605<\/span><span class=\"uag-star\">\u2605<\/span><\/div><\/div>\n\n\n\n<div class=\"wp-block-uagb-advanced-heading uagb-block-d9fdf86e\"><p class=\"uagb-desc-text\">CASA NOLD<br>\u201cExcelente estancia en casa de P&amp;P House, Puri es una anfitriona muy receptiva, hospitalaria y da muy buenos consejos. La casa estaba limpia, bien equipada y la ropa de cama muy c\u00f3moda. \u00a1Muchas gracias de nuevo!\u201d<\/p><h6 class=\"uagb-heading-text\">Caroline, Clamart-francia<\/h6><\/div>\n<\/div>\n\n\n\n<div class=\"wp-block-uagb-container uagb-block-7aa54351\">\n<div class=\"wp-block-uagb-star-rating uagb-block-bfa60ee2\"><div class=\"uag-star-rating\" title=\"5\/5\"><span class=\"uag-star\">\u2605<\/span><span class=\"uag-star\">\u2605<\/span><span class=\"uag-star\">\u2605<\/span><span class=\"uag-star\">\u2605<\/span><span class=\"uag-star\">\u2605<\/span><\/div><\/div>\n\n\n\n<div class=\"wp-block-uagb-advanced-heading uagb-block-f4d16300\"><p class=\"uagb-desc-text\">CASA JUANA<br>\u201cAlojamiento muy completo y limpio. Las camas muy c\u00f3modas y la zona muy tranquila para descansar todo y ser una casa muy c\u00e9ntrica, la ubicaci\u00f3n es inmejorable.La casa est\u00e1 muy bien equipada con aires acondicionados y ventiladores. <br>Puri fue muy comunicativa y amable, nos ayud\u00f3 much\u00edsimo con las recomendaciones, adem\u00e1s nos dej\u00f3 un aperitivo como detalle, estamos muy agradecidas con el trato. Muy recomendable.\u201d<\/p><h6 class=\"uagb-heading-text\">ANDREA, SEVILLA-ESPA\u00d1A<\/h6><\/div>\n<\/div>\n<\/div>\n<\/div><\/div>\n\n\n\n<div class=\"wp-block-uagb-container uagb-block-a8793f4a alignfull uagb-is-root-container\"><div class=\"uagb-container-inner-blocks-wrap\">\n<div class=\"wp-block-uagb-container uagb-block-c3ab53b3\">\n<div class=\"wp-block-uagb-advanced-heading uagb-block-3c000806\"><h6 class=\"uagb-heading-text\">Contactez-nous d\u00e8s aujourd'hui<\/h6><\/div>\n\n\n\n<div class=\"wp-block-uagb-advanced-heading uagb-block-2a5efa05\"><h3 class=\"uagb-heading-text\">Pr\u00eat \u00e0 faire le premier pas ?<\/h3><div class=\"uagb-separator\"><\/div><p class=\"uagb-desc-text\">Haz realidad tus vacaciones en Menorca o rentabiliza tu propiedad con la ayuda de nuestro equipo de expertos. <br>En P&amp;P House, te ofrecemos un servicio personalizado para que encuentres la mejor opci\u00f3n. <br>Cont\u00e1ctanos hoy mismo y deja que nosotros nos encarguemos del resto.<\/p><\/div>\n\n\n\n<div class=\"wp-block-uagb-buttons uagb-buttons__outer-wrap uagb-btn__default-btn uagb-btn-tablet__default-btn uagb-btn-mobile__default-btn uagb-block-21a982ae\"><div class=\"uagb-buttons__wrap uagb-buttons-layout-wrap\">\n<div class=\"wp-block-uagb-buttons-child uagb-buttons__outer-wrap uagb-block-476a1e26 wp-block-button\"><div class=\"uagb-button__wrapper\"><a class=\"uagb-buttons-repeater wp-block-button__link\" aria-label=\"\" href=\"https:\/\/pyphouse.com\/fr\/contacto\/\" rel=\"follow noopener\" target=\"_self\" role=\"button\"><div class=\"uagb-button__link\">Contact<\/div><span class=\"uagb-button__icon uagb-button__icon-position-after\"><svg xmlns=\"https:\/\/www.w3.org\/2000\/svg\" viewbox=\"0 0 448 512\" aria-hidden=\"true\" focussable=\"false\"><path d=\"M438.6 278.6l-160 160C272.4 444.9 264.2 448 256 448s-16.38-3.125-22.62-9.375c-12.5-12.5-12.5-32.75 0-45.25L338.8 288H32C14.33 288 .0016 273.7 .0016 256S14.33 224 32 224h306.8l-105.4-105.4c-12.5-12.5-12.5-32.75 0-45.25s32.75-12.5 45.25 0l160 160C451.1 245.9 451.1 266.1 438.6 278.6z\"><\/path><\/svg><\/span><\/a><\/div><\/div>\n<\/div><\/div>\n<\/div>\n<\/div><\/div>","protected":false},"excerpt":{"rendered":"<p>Menorca no se cuenta, se vive. D\u00e9jate llevar por su luz y su calma. En P&amp;P House cuidamos cada detalle para quetus vacaciones sean inolvidables Nuestros Servicios VIVE MENORCA A TU MANERADisfruta de una escapada \u00fanica, encuentra la casa de tus sue\u00f1os o haz que tu propiedad trabaje para ti.Descubre c\u00f3mo podemos ayudarte 01 Alquiler [&hellip;]<\/p>","protected":false},"author":1,"featured_media":0,"parent":0,"menu_order":0,"comment_status":"closed","ping_status":"closed","template":"","meta":{"_acf_changed":false,"_uag_custom_page_level_css":"","site-sidebar-layout":"no-sidebar","site-content-layout":"page-builder","ast-site-content-layout":"full-width-container","site-content-style":"unboxed","site-sidebar-style":"unboxed","ast-global-header-display":"","ast-banner-title-visibility":"","ast-main-header-display":"","ast-hfb-above-header-display":"","ast-hfb-below-header-display":"","ast-hfb-mobile-header-display":"","site-post-title":"disabled","ast-breadcrumbs-content":"","ast-featured-img":"","footer-sml-layout":"","ast-disable-related-posts":"","theme-transparent-header-meta":"enabled","adv-header-id-meta":"","stick-header-meta":"","header-above-stick-meta":"","header-main-stick-meta":"","header-below-stick-meta":"","astra-migrate-meta-layouts":"set","ast-page-background-enabled":"default","ast-page-background-meta":{"desktop":{"background-color":"var(--ast-global-color-4)","background-image":"","background-repeat":"repeat","background-position":"center center","background-size":"auto","background-attachment":"scroll","background-type":"","background-media":"","overlay-type":"","overlay-color":"","overlay-opacity":"","overlay-gradient":""},"tablet":{"background-color":"","background-image":"","background-repeat":"repeat","background-position":"center center","background-size":"auto","background-attachment":"scroll","background-type":"","background-media":"","overlay-type":"","overlay-color":"","overlay-opacity":"","overlay-gradient":""},"mobile":{"background-color":"","background-image":"","background-repeat":"repeat","background-position":"center center","background-size":"auto","background-attachment":"scroll","background-type":"","background-media":"","overlay-type":"","overlay-color":"","overlay-opacity":"","overlay-gradient":""}},"ast-content-background-meta":{"desktop":{"background-color":"var(--ast-global-color-5)","background-image":"","background-repeat":"repeat","background-position":"center center","background-size":"auto","background-attachment":"scroll","background-type":"","background-media":"","overlay-type":"","overlay-color":"","overlay-opacity":"","overlay-gradient":""},"tablet":{"background-color":"var(--ast-global-color-5)","background-image":"","background-repeat":"repeat","background-position":"center center","background-size":"auto","background-attachment":"scroll","background-type":"","background-media":"","overlay-type":"","overlay-color":"","overlay-opacity":"","overlay-gradient":""},"mobile":{"background-color":"var(--ast-global-color-5)","background-image":"","background-repeat":"repeat","background-position":"center center","background-size":"auto","background-attachment":"scroll","background-type":"","background-media":"","overlay-type":"","overlay-color":"","overlay-opacity":"","overlay-gradient":""}},"footnotes":""},"categories":[],"tags":[],"class_list":["post-310","page","type-page","status-publish","hentry"],"acf":[],"uagb_featured_image_src":{"full":false,"thumbnail":false,"medium":false,"medium_large":false,"large":false,"1536x1536":false,"2048x2048":false,"trp-custom-language-flag":false},"uagb_author_info":{"display_name":"domingo","author_link":"https:\/\/pyphouse.com\/fr\/author\/domingo\/"},"uagb_comment_info":0,"uagb_excerpt":"Menorca no se cuenta, se vive. D\u00e9jate llevar por su luz y su calma. En P&amp;P House cuidamos cada detalle para quetus vacaciones sean inolvidables Nuestros Servicios VIVE MENORCA A TU MANERADisfruta de una escapada \u00fanica, encuentra la casa de tus sue\u00f1os o haz que tu propiedad trabaje para ti.Descubre c\u00f3mo podemos ayudarte 01 Alquiler\u2026","_links":{"self":[{"href":"https:\/\/pyphouse.com\/fr\/wp-json\/wp\/v2\/pages\/310","targetHints":{"allow":["GET"]}}],"collection":[{"href":"https:\/\/pyphouse.com\/fr\/wp-json\/wp\/v2\/pages"}],"about":[{"href":"https:\/\/pyphouse.com\/fr\/wp-json\/wp\/v2\/types\/page"}],"author":[{"embeddable":true,"href":"https:\/\/pyphouse.com\/fr\/wp-json\/wp\/v2\/users\/1"}],"replies":[{"embeddable":true,"href":"https:\/\/pyphouse.com\/fr\/wp-json\/wp\/v2\/comments?post=310"}],"version-history":[{"count":23,"href":"https:\/\/pyphouse.com\/fr\/wp-json\/wp\/v2\/pages\/310\/revisions"}],"predecessor-version":[{"id":1071,"href":"https:\/\/pyphouse.com\/fr\/wp-json\/wp\/v2\/pages\/310\/revisions\/1071"}],"wp:attachment":[{"href":"https:\/\/pyphouse.com\/fr\/wp-json\/wp\/v2\/media?parent=310"}],"wp:term":[{"taxonomy":"category","embeddable":true,"href":"https:\/\/pyphouse.com\/fr\/wp-json\/wp\/v2\/categories?post=310"},{"taxonomy":"post_tag","embeddable":true,"href":"https:\/\/pyphouse.com\/fr\/wp-json\/wp\/v2\/tags?post=310"}],"curies":[{"name":"wp","href":"https:\/\/api.w.org\/{rel}","templated":true}]}}