{"id":651,"date":"2024-05-28T14:23:29","date_gmt":"2024-05-28T12:23:29","guid":{"rendered":"https:\/\/pyphouse.com\/?page_id=651"},"modified":"2024-06-17T14:22:49","modified_gmt":"2024-06-17T12:22:49","slug":"evaluaciones","status":"publish","type":"page","link":"https:\/\/pyphouse.com\/fr\/evaluaciones\/","title":{"rendered":"\u00c9valuations"},"content":{"rendered":"<div class=\"wp-block-uagb-container uagb-block-9ec7f4b7 alignfull uagb-is-root-container\"><div class=\"uagb-container-inner-blocks-wrap\">\n<div class=\"wp-block-uagb-advanced-heading uagb-block-f29c5bb1\"><h4 class=\"uagb-heading-text\">D\u00e9couvrez ce que nos clients disent de leur exp\u00e9rience avec P&amp;P House Menorca<\/h4><\/div>\n\n\n\n<div class=\"wp-block-uagb-advanced-heading uagb-block-8357f53e\"><h1 class=\"uagb-heading-text\">Avis des clients<\/h1><\/div>\n<\/div><\/div>\n\n\n\n<div class=\"wp-block-uagb-container uagb-block-110b0c74 alignfull uagb-is-root-container\"><div class=\"uagb-container-inner-blocks-wrap\">\n<div class=\"wp-block-uagb-container uagb-block-053516a2\">\n<div class=\"wp-block-uagb-container uagb-block-0baea66d\">\n<div class=\"wp-block-uagb-info-box uagb-block-502b4937 uagb-infobox__content-wrap  uagb-infobox-icon-above-title uagb-infobox-image-valign-top\"><div class=\"uagb-ifb-content\"><div class=\"uagb-ifb-icon-wrap\"><svg xmlns=\"https:\/\/www.w3.org\/2000\/svg\" viewbox=\"0 0 448 512\"><path d=\"M96 224C84.72 224 74.05 226.3 64 229.9V224c0-35.3 28.7-64 64-64c17.67 0 32-14.33 32-32S145.7 96 128 96C57.42 96 0 153.4 0 224v96c0 53.02 42.98 96 96 96s96-42.98 96-96S149 224 96 224zM352 224c-11.28 0-21.95 2.305-32 5.879V224c0-35.3 28.7-64 64-64c17.67 0 32-14.33 32-32s-14.33-32-32-32c-70.58 0-128 57.42-128 128v96c0 53.02 42.98 96 96 96s96-42.98 96-96S405 224 352 224z\"><\/path><\/svg><\/div><div class=\"uagb-ifb-title-wrap\"><\/div><p class=\"uagb-ifb-desc\">Choisissez Puri et non seulement vous visiterez Minorque et s\u00e9journerez dans un bel appartement proche de tout, mais vous vous sentirez soutenu dans tout ce dont vous avez besoin par ces merveilleux h\u00f4tes..... Vous ne le regretterez pas, je vous l'assure !<\/p><\/div><\/div>\n\n\n\n<div class=\"wp-block-uagb-info-box uagb-block-f0319d50 uagb-infobox__content-wrap  uagb-infobox-icon-above-title uagb-infobox-image-valign-top\"><div class=\"uagb-ifb-content\"><div class=\"uagb-ifb-title-wrap\"><h3 class=\"uagb-ifb-title\">Arnau Gonz\u00e1lez<\/h3><\/div><p class=\"uagb-ifb-desc\">Casa Juana<\/p><\/div><\/div>\n<\/div>\n\n\n\n<div class=\"wp-block-uagb-container uagb-block-df9b3934\">\n<div class=\"wp-block-uagb-info-box uagb-block-100590d7 uagb-infobox__content-wrap  uagb-infobox-icon-above-title uagb-infobox-image-valign-top\"><div class=\"uagb-ifb-content\"><div class=\"uagb-ifb-icon-wrap\"><svg xmlns=\"https:\/\/www.w3.org\/2000\/svg\" viewbox=\"0 0 448 512\"><path d=\"M96 224C84.72 224 74.05 226.3 64 229.9V224c0-35.3 28.7-64 64-64c17.67 0 32-14.33 32-32S145.7 96 128 96C57.42 96 0 153.4 0 224v96c0 53.02 42.98 96 96 96s96-42.98 96-96S149 224 96 224zM352 224c-11.28 0-21.95 2.305-32 5.879V224c0-35.3 28.7-64 64-64c17.67 0 32-14.33 32-32s-14.33-32-32-32c-70.58 0-128 57.42-128 128v96c0 53.02 42.98 96 96 96s96-42.98 96-96S405 224 352 224z\"><\/path><\/svg><\/div><div class=\"uagb-ifb-title-wrap\"><\/div><p class=\"uagb-ifb-desc\">Amfitriona tr\u00e8s gentille et attentionn\u00e9e, elle nous recommande aussi les meilleurs endroits de l'\u00eele. Tr\u00e8s satisfait du service.<\/p><\/div><\/div>\n\n\n\n<div class=\"wp-block-uagb-info-box uagb-block-33ef59f4 uagb-infobox__content-wrap  uagb-infobox-icon-above-title uagb-infobox-image-valign-top\"><div class=\"uagb-ifb-content\"><div class=\"uagb-ifb-title-wrap\"><h3 class=\"uagb-ifb-title\">Ainhoa<\/h3><\/div><p class=\"uagb-ifb-desc\">IDO<\/p><\/div><\/div>\n<\/div>\n\n\n\n<div class=\"wp-block-uagb-container uagb-block-d48cc0a3\">\n<div class=\"wp-block-uagb-info-box uagb-block-c0aefacb uagb-infobox__content-wrap  uagb-infobox-icon-above-title uagb-infobox-image-valign-top\"><div class=\"uagb-ifb-content\"><div class=\"uagb-ifb-icon-wrap\"><svg xmlns=\"https:\/\/www.w3.org\/2000\/svg\" viewbox=\"0 0 448 512\"><path d=\"M96 224C84.72 224 74.05 226.3 64 229.9V224c0-35.3 28.7-64 64-64c17.67 0 32-14.33 32-32S145.7 96 128 96C57.42 96 0 153.4 0 224v96c0 53.02 42.98 96 96 96s96-42.98 96-96S149 224 96 224zM352 224c-11.28 0-21.95 2.305-32 5.879V224c0-35.3 28.7-64 64-64c17.67 0 32-14.33 32-32s-14.33-32-32-32c-70.58 0-128 57.42-128 128v96c0 53.02 42.98 96 96 96s96-42.98 96-96S405 224 352 224z\"><\/path><\/svg><\/div><div class=\"uagb-ifb-title-wrap\"><\/div><p class=\"uagb-ifb-desc\">Charmant cottage avec tout ce dont nous avions besoin pour un long s\u00e9jour. Puri et Pedro ont \u00e9t\u00e9 formidables \u00e0 tous points de vue : accueil chaleureux, nombreuses recommandations qui ont rendu nos vacances de plus en plus inoubliables ! Hautement recommand\u00e9 comme base super confortable pour explorer Minorque et passer des vacances actives.<\/p><\/div><\/div>\n\n\n\n<div class=\"wp-block-uagb-info-box uagb-block-13c80a65 uagb-infobox__content-wrap  uagb-infobox-icon-above-title uagb-infobox-image-valign-top\"><div class=\"uagb-ifb-content\"><div class=\"uagb-ifb-title-wrap\"><h3 class=\"uagb-ifb-title\">Alia<\/h3><\/div><p class=\"uagb-ifb-desc\">Villa Blanes<\/p><\/div><\/div>\n<\/div>\n<\/div>\n\n\n\n<div class=\"wp-block-uagb-container uagb-block-bc52b7ef\">\n<div class=\"wp-block-uagb-container uagb-block-85ae2197\">\n<div class=\"wp-block-uagb-info-box uagb-block-74a6868f uagb-infobox__content-wrap  uagb-infobox-icon-above-title uagb-infobox-image-valign-top\"><div class=\"uagb-ifb-content\"><div class=\"uagb-ifb-icon-wrap\"><svg xmlns=\"https:\/\/www.w3.org\/2000\/svg\" viewbox=\"0 0 448 512\"><path d=\"M96 224C84.72 224 74.05 226.3 64 229.9V224c0-35.3 28.7-64 64-64c17.67 0 32-14.33 32-32S145.7 96 128 96C57.42 96 0 153.4 0 224v96c0 53.02 42.98 96 96 96s96-42.98 96-96S149 224 96 224zM352 224c-11.28 0-21.95 2.305-32 5.879V224c0-35.3 28.7-64 64-64c17.67 0 32-14.33 32-32s-14.33-32-32-32c-70.58 0-128 57.42-128 128v96c0 53.02 42.98 96 96 96s96-42.98 96-96S405 224 352 224z\"><\/path><\/svg><\/div><div class=\"uagb-ifb-title-wrap\"><\/div><p class=\"uagb-ifb-desc\">L'espace \u00e9tait comme pr\u00e9vu, propre et spacieux pour notre s\u00e9jour. Puri \u00e9tait facilement accessible via WhatsApp et nous a envoy\u00e9 des messages quotidiens sous le vent pour nous indiquer les meilleurs endroits \u00e0 visiter sur l'\u00eele chaque jour, ce qui \u00e9tait incroyablement gentil de sa part. Notre seul souhait aurait \u00e9t\u00e9 d'avoir acc\u00e8s au WiFi. \u00c0 part cela, le logement se trouve \u00e0 environ 20 minutes de marche du centre-ville, ce qui \u00e9tait agr\u00e9able pendant la journ\u00e9e mais p\u00e9nible la nuit. Dans l'ensemble, nous avons appr\u00e9ci\u00e9 notre s\u00e9jour et nous reviendrons si possible.<\/p><\/div><\/div>\n\n\n\n<div class=\"wp-block-uagb-info-box uagb-block-d69bf393 uagb-infobox__content-wrap  uagb-infobox-icon-above-title uagb-infobox-image-valign-top\"><div class=\"uagb-ifb-content\"><div class=\"uagb-ifb-title-wrap\"><h3 class=\"uagb-ifb-title\">Akua<\/h3><\/div><p class=\"uagb-ifb-desc\">Son Blanc I<\/p><\/div><\/div>\n<\/div>\n\n\n\n<div class=\"wp-block-uagb-container uagb-block-2ca67392\">\n<div class=\"wp-block-uagb-info-box uagb-block-eea0b06b uagb-infobox__content-wrap  uagb-infobox-icon-above-title uagb-infobox-image-valign-top\"><div class=\"uagb-ifb-content\"><div class=\"uagb-ifb-icon-wrap\"><svg xmlns=\"https:\/\/www.w3.org\/2000\/svg\" viewbox=\"0 0 448 512\"><path d=\"M96 224C84.72 224 74.05 226.3 64 229.9V224c0-35.3 28.7-64 64-64c17.67 0 32-14.33 32-32S145.7 96 128 96C57.42 96 0 153.4 0 224v96c0 53.02 42.98 96 96 96s96-42.98 96-96S149 224 96 224zM352 224c-11.28 0-21.95 2.305-32 5.879V224c0-35.3 28.7-64 64-64c17.67 0 32-14.33 32-32s-14.33-32-32-32c-70.58 0-128 57.42-128 128v96c0 53.02 42.98 96 96 96s96-42.98 96-96S405 224 352 224z\"><\/path><\/svg><\/div><div class=\"uagb-ifb-title-wrap\"><\/div><p class=\"uagb-ifb-desc\">L'appartement de Puri est incroyable, tr\u00e8s propre et confortable, nous y \u00e9tions pour un week-end. Elle \u00e9tait tr\u00e8s gentille et facile \u00e0 contacter, elle nous a \u00e9galement donn\u00e9 des recommandations quotidiennes pour visiter les plages, ce dont nous avons \u00e9t\u00e9 tr\u00e8s reconnaissants. Dans l'ensemble, c'est un endroit g\u00e9nial que je recommanderais sans h\u00e9siter si vous allez \u00e0 Minorque, mais il y a quelques points \u00e0 am\u00e9liorer, comme le sel et le sucre dans la cuisine, plus de papier toilette et le d\u00e9bit de la pression de la douche. Ce n'est pas un gros probl\u00e8me du tout, je recommande juste cela pour rendre cet endroit parfait. Merci pour votre gentillesse, Puri.<\/p><\/div><\/div>\n\n\n\n<div class=\"wp-block-uagb-info-box uagb-block-9af7a1a5 uagb-infobox__content-wrap  uagb-infobox-icon-above-title uagb-infobox-image-valign-top\"><div class=\"uagb-ifb-content\"><div class=\"uagb-ifb-title-wrap\"><h3 class=\"uagb-ifb-title\">Samantha<\/h3><\/div><p class=\"uagb-ifb-desc\">Villa Blanes<\/p><\/div><\/div>\n<\/div>\n\n\n\n<div class=\"wp-block-uagb-container uagb-block-7e58317c\">\n<div class=\"wp-block-uagb-info-box uagb-block-d8c8a6b4 uagb-infobox__content-wrap  uagb-infobox-icon-above-title uagb-infobox-image-valign-top\"><div class=\"uagb-ifb-content\"><div class=\"uagb-ifb-icon-wrap\"><svg xmlns=\"https:\/\/www.w3.org\/2000\/svg\" viewbox=\"0 0 448 512\"><path d=\"M96 224C84.72 224 74.05 226.3 64 229.9V224c0-35.3 28.7-64 64-64c17.67 0 32-14.33 32-32S145.7 96 128 96C57.42 96 0 153.4 0 224v96c0 53.02 42.98 96 96 96s96-42.98 96-96S149 224 96 224zM352 224c-11.28 0-21.95 2.305-32 5.879V224c0-35.3 28.7-64 64-64c17.67 0 32-14.33 32-32s-14.33-32-32-32c-70.58 0-128 57.42-128 128v96c0 53.02 42.98 96 96 96s96-42.98 96-96S405 224 352 224z\"><\/path><\/svg><\/div><div class=\"uagb-ifb-title-wrap\"><\/div><p class=\"uagb-ifb-desc\">Le logement est spacieux, propre, \u00e9quip\u00e9 de tout ce dont vous avez besoin. Il dispose \u00e9galement d'un parking interne, excellent emplacement pour visiter cette partie de l'\u00eele. Les conseils de Puri qui nous parviennent chaque jour via WhatsApp sont pr\u00e9cieux !<\/p><\/div><\/div>\n\n\n\n<div class=\"wp-block-uagb-info-box uagb-block-ff5603b5 uagb-infobox__content-wrap  uagb-infobox-icon-above-title uagb-infobox-image-valign-top\"><div class=\"uagb-ifb-content\"><div class=\"uagb-ifb-title-wrap\"><h3 class=\"uagb-ifb-title\">Rossana<\/h3><\/div><p class=\"uagb-ifb-desc\">Can Toni<\/p><\/div><\/div>\n<\/div>\n<\/div>\n<\/div><\/div>\n\n\n\n<div class=\"wp-block-uagb-container uagb-block-6531b65f alignfull uagb-is-root-container\"><div class=\"uagb-container-inner-blocks-wrap\">\n<div class=\"wp-block-uagb-container uagb-block-771bbdc6\">\n<div class=\"wp-block-uagb-advanced-heading uagb-block-c77450e2\"><h6 class=\"uagb-heading-text\">Contactez-nous d\u00e8s aujourd'hui<\/h6><\/div>\n\n\n\n<div class=\"wp-block-uagb-advanced-heading uagb-block-ed792903\"><h3 class=\"uagb-heading-text\">Pr\u00eat \u00e0 trouver un logement temporaire \u00e0 Minorque ?<\/h3><div class=\"uagb-separator\"><\/div><p class=\"uagb-desc-text\">Faites confiance \u00e0 P&amp;P House pour trouver le logement id\u00e9al pour votre s\u00e9jour temporaire \u00e0 Minorque gr\u00e2ce \u00e0 notre service de location de chambres.<\/p><\/div>\n\n\n\n<div class=\"wp-block-uagb-buttons uagb-buttons__outer-wrap uagb-btn__default-btn uagb-btn-tablet__default-btn uagb-btn-mobile__default-btn uagb-block-64539763\"><div class=\"uagb-buttons__wrap uagb-buttons-layout-wrap\">\n<div class=\"wp-block-uagb-buttons-child uagb-buttons__outer-wrap uagb-block-b418e951 wp-block-button\"><div class=\"uagb-button__wrapper\"><a class=\"uagb-buttons-repeater wp-block-button__link\" aria-label=\"\" href=\"https:\/\/pyphouse.com\/fr\/contacto\/\" rel=\"follow noopener\" target=\"_self\" role=\"button\"><div class=\"uagb-button__link\">Contact<\/div><span class=\"uagb-button__icon uagb-button__icon-position-after\"><svg xmlns=\"https:\/\/www.w3.org\/2000\/svg\" viewbox=\"0 0 448 512\" aria-hidden=\"true\" focussable=\"false\"><path d=\"M438.6 278.6l-160 160C272.4 444.9 264.2 448 256 448s-16.38-3.125-22.62-9.375c-12.5-12.5-12.5-32.75 0-45.25L338.8 288H32C14.33 288 .0016 273.7 .0016 256S14.33 224 32 224h306.8l-105.4-105.4c-12.5-12.5-12.5-32.75 0-45.25s32.75-12.5 45.25 0l160 160C451.1 245.9 451.1 266.1 438.6 278.6z\"><\/path><\/svg><\/span><\/a><\/div><\/div>\n<\/div><\/div>\n<\/div>\n<\/div><\/div>","protected":false},"excerpt":{"rendered":"<p>D\u00e9couvrez ce que nos clients disent de leur exp\u00e9rience avec P&amp;P House Menorca T\u00e9moignages de clients Contactez-nous Aujourd'hui Pr\u00eat \u00e0 trouver votre maison temporaire \u00e0 Minorque ? Contactez-nous d\u00e8s aujourd'hui et laissez-nous vous aider \u00e0 faire de votre s\u00e9jour une exp\u00e9rience inoubliable ! Faites confiance \u00e0 P&amp;P House pour trouver le logement id\u00e9al pour vous et votre famille !<\/p>","protected":false},"author":1,"featured_media":0,"parent":0,"menu_order":0,"comment_status":"closed","ping_status":"closed","template":"","meta":{"_acf_changed":false,"_uag_custom_page_level_css":"","site-sidebar-layout":"default","site-content-layout":"","ast-site-content-layout":"default","site-content-style":"default","site-sidebar-style":"default","ast-global-header-display":"","ast-banner-title-visibility":"","ast-main-header-display":"","ast-hfb-above-header-display":"","ast-hfb-below-header-display":"","ast-hfb-mobile-header-display":"","site-post-title":"disabled","ast-breadcrumbs-content":"","ast-featured-img":"","footer-sml-layout":"","ast-disable-related-posts":"","theme-transparent-header-meta":"","adv-header-id-meta":"","stick-header-meta":"","header-above-stick-meta":"","header-main-stick-meta":"","header-below-stick-meta":"","astra-migrate-meta-layouts":"set","ast-page-background-enabled":"default","ast-page-background-meta":{"desktop":{"background-color":"var(--ast-global-color-4)","background-image":"","background-repeat":"repeat","background-position":"center center","background-size":"auto","background-attachment":"scroll","background-type":"","background-media":"","overlay-type":"","overlay-color":"","overlay-opacity":"","overlay-gradient":""},"tablet":{"background-color":"","background-image":"","background-repeat":"repeat","background-position":"center center","background-size":"auto","background-attachment":"scroll","background-type":"","background-media":"","overlay-type":"","overlay-color":"","overlay-opacity":"","overlay-gradient":""},"mobile":{"background-color":"","background-image":"","background-repeat":"repeat","background-position":"center center","background-size":"auto","background-attachment":"scroll","background-type":"","background-media":"","overlay-type":"","overlay-color":"","overlay-opacity":"","overlay-gradient":""}},"ast-content-background-meta":{"desktop":{"background-color":"var(--ast-global-color-5)","background-image":"","background-repeat":"repeat","background-position":"center center","background-size":"auto","background-attachment":"scroll","background-type":"","background-media":"","overlay-type":"","overlay-color":"","overlay-opacity":"","overlay-gradient":""},"tablet":{"background-color":"var(--ast-global-color-5)","background-image":"","background-repeat":"repeat","background-position":"center center","background-size":"auto","background-attachment":"scroll","background-type":"","background-media":"","overlay-type":"","overlay-color":"","overlay-opacity":"","overlay-gradient":""},"mobile":{"background-color":"var(--ast-global-color-5)","background-image":"","background-repeat":"repeat","background-position":"center center","background-size":"auto","background-attachment":"scroll","background-type":"","background-media":"","overlay-type":"","overlay-color":"","overlay-opacity":"","overlay-gradient":""}},"footnotes":""},"categories":[],"tags":[],"class_list":["post-651","page","type-page","status-publish","hentry"],"acf":[],"uagb_featured_image_src":{"full":false,"thumbnail":false,"medium":false,"medium_large":false,"large":false,"1536x1536":false,"2048x2048":false,"trp-custom-language-flag":false},"uagb_author_info":{"display_name":"domingo","author_link":"https:\/\/pyphouse.com\/fr\/author\/domingo\/"},"uagb_comment_info":0,"uagb_excerpt":"Descubre lo que Dicen Nuestros Clientes sobre su Experiencia con P&amp;P House Menorca Evaluaciones de Nuestros Clientes Cont\u00e1ctanos hoy \u00bfListo para encontrar tu hogar temporal en Menorca? Ponte en contacto con nosotros hoy mismo y d\u00e9janos ayudarte a hacer de tu estancia una experiencia inolvidable! \u00a1Conf\u00eda en P&amp;P House para encontrar el alojamiento perfecto para\u2026","_links":{"self":[{"href":"https:\/\/pyphouse.com\/fr\/wp-json\/wp\/v2\/pages\/651","targetHints":{"allow":["GET"]}}],"collection":[{"href":"https:\/\/pyphouse.com\/fr\/wp-json\/wp\/v2\/pages"}],"about":[{"href":"https:\/\/pyphouse.com\/fr\/wp-json\/wp\/v2\/types\/page"}],"author":[{"embeddable":true,"href":"https:\/\/pyphouse.com\/fr\/wp-json\/wp\/v2\/users\/1"}],"replies":[{"embeddable":true,"href":"https:\/\/pyphouse.com\/fr\/wp-json\/wp\/v2\/comments?post=651"}],"version-history":[{"count":6,"href":"https:\/\/pyphouse.com\/fr\/wp-json\/wp\/v2\/pages\/651\/revisions"}],"predecessor-version":[{"id":985,"href":"https:\/\/pyphouse.com\/fr\/wp-json\/wp\/v2\/pages\/651\/revisions\/985"}],"wp:attachment":[{"href":"https:\/\/pyphouse.com\/fr\/wp-json\/wp\/v2\/media?parent=651"}],"wp:term":[{"taxonomy":"category","embeddable":true,"href":"https:\/\/pyphouse.com\/fr\/wp-json\/wp\/v2\/categories?post=651"},{"taxonomy":"post_tag","embeddable":true,"href":"https:\/\/pyphouse.com\/fr\/wp-json\/wp\/v2\/tags?post=651"}],"curies":[{"name":"wp","href":"https:\/\/api.w.org\/{rel}","templated":true}]}}