{"id":652,"date":"2024-05-28T14:24:08","date_gmt":"2024-05-28T12:24:08","guid":{"rendered":"https:\/\/pyphouse.com\/?page_id=652"},"modified":"2025-02-15T21:33:19","modified_gmt":"2025-02-15T20:33:19","slug":"servicios-vacacionales-en-menorca","status":"publish","type":"page","link":"https:\/\/pyphouse.com\/fr\/servicios-vacacionales-en-menorca\/","title":{"rendered":"Services de vacances"},"content":{"rendered":"<div class=\"wp-block-uagb-container uagb-block-9ec7f4b7 alignfull uagb-is-root-container\"><div class=\"uagb-container-inner-blocks-wrap\">\n<div class=\"wp-block-uagb-advanced-heading uagb-block-f29c5bb1\"><h4 class=\"uagb-heading-text\">Location de voiture, transferts a\u00e9roport et excursions inoubliables pour une exp\u00e9rience compl\u00e8te<\/h4><\/div>\n\n\n\n<div class=\"wp-block-uagb-advanced-heading uagb-block-8357f53e\"><h1 class=\"uagb-heading-text\">Services exclusifs \u00e0 Minorque<\/h1><\/div>\n<\/div><\/div>\n\n\n\n<div class=\"wp-block-uagb-container uagb-block-d1021bd2 alignfull uagb-is-root-container\"><div class=\"uagb-container-inner-blocks-wrap\">\n<div class=\"wp-block-uagb-container uagb-block-12a2c339\">\n<div class=\"wp-block-uagb-image uagb-block-218e80a0 wp-block-uagb-image--layout-default wp-block-uagb-image--effect-static wp-block-uagb-image--align-none\"><figure class=\"wp-block-uagb-image__figure\"><img decoding=\"async\" srcset=\"https:\/\/pyphouse.com\/wp-content\/uploads\/2024\/06\/woman-traveling-with-suitcase-near-the-rental-car-2023-11-27-05-03-17-utc-1024x684.jpg ,https:\/\/pyphouse.com\/wp-content\/uploads\/2024\/06\/woman-traveling-with-suitcase-near-the-rental-car-2023-11-27-05-03-17-utc-scaled.jpg 780w, https:\/\/pyphouse.com\/wp-content\/uploads\/2024\/06\/woman-traveling-with-suitcase-near-the-rental-car-2023-11-27-05-03-17-utc-scaled.jpg 360w\" sizes=\"auto, (max-width: 480px) 150px\" src=\"https:\/\/pyphouse.com\/wp-content\/uploads\/2024\/06\/woman-traveling-with-suitcase-near-the-rental-car-2023-11-27-05-03-17-utc-1024x684.jpg\" alt=\"\" class=\"uag-image-965\" width=\"848\" height=\"600\" title=\"Femme voyageant avec une valise pr\u00e8s de la voiture de location \u00e0 l&#039;ext\u00e9rieur\" loading=\"lazy\" role=\"img\"\/><\/figure><\/div>\n<\/div>\n\n\n\n<div class=\"wp-block-uagb-container uagb-block-e30d9eff\">\n<div class=\"wp-block-uagb-advanced-heading uagb-block-82c55ef4\"><h2 class=\"uagb-heading-text\">Louer une voiture<\/h2><div class=\"uagb-separator\"><\/div><\/div>\n\n\n\n<div class=\"wp-block-uagb-advanced-heading uagb-block-9118752e\"><h5 class=\"uagb-heading-text\">D\u00e9couvrez Minorque \u00e0 votre rythme gr\u00e2ce \u00e0 notre service de location de voitures. <em>Minurka<\/em><\/h5><p class=\"uagb-desc-text\">Profitez de la libert\u00e9 d'explorer Minorque \u00e0 votre rythme avec le service de location de voiture de <em>Minurka<\/em>. Nous disposons d'une large flotte de v\u00e9hicules modernes et bien entretenus pour r\u00e9pondre \u00e0 vos besoins. Que vous ayez besoin d'une voiture compacte pour circuler dans les rues \u00e9troites des villages ou d'un v\u00e9hicule plus grand pour une aventure en famille, nous avons l'option parfaite pour vous. Avec des prix comp\u00e9titifs et des options de location flexibles, vous pouvez d\u00e9couvrir chaque coin de cette belle \u00eele dans le confort et la s\u00e9curit\u00e9.<\/p><\/div>\n\n\n\n<div class=\"wp-block-uagb-image alignleft uagb-block-1d4ecc21 wp-block-uagb-image--layout-default wp-block-uagb-image--effect-static wp-block-uagb-image--align-left\"><figure class=\"wp-block-uagb-image__figure\"><a class=\"\" href=\"https:\/\/minurka.webcar.rent\/1\/minurka-rent-a-car\/1\/3\/CASARADER\" target=\"_blank\" rel=\"noreferrer noopener\"><img decoding=\"async\" srcset=\"https:\/\/pyphouse.com\/wp-content\/uploads\/2024\/06\/minurkalogo.jpeg ,https:\/\/pyphouse.com\/wp-content\/uploads\/2024\/06\/minurkalogo.jpeg 780w, https:\/\/pyphouse.com\/wp-content\/uploads\/2024\/06\/minurkalogo.jpeg 360w\" sizes=\"auto, (max-width: 480px) 150px\" src=\"https:\/\/pyphouse.com\/wp-content\/uploads\/2024\/06\/minurkalogo.jpeg\" alt=\"\" class=\"uag-image-968\" width=\"266\" height=\"73\" title=\"minurkalogo\" loading=\"lazy\" role=\"img\"\/><\/a><\/figure><\/div>\n<\/div>\n<\/div><\/div>\n\n\n\n<div class=\"wp-block-uagb-container uagb-block-f94f0b6a alignfull uagb-is-root-container\"><div class=\"uagb-container-inner-blocks-wrap\">\n<div class=\"wp-block-uagb-container uagb-block-dd0bda82\">\n<div class=\"wp-block-uagb-advanced-heading uagb-block-848e3276\"><h2 class=\"uagb-heading-text\">Navette<\/h2><div class=\"uagb-separator\"><\/div><\/div>\n\n\n\n<div class=\"wp-block-uagb-advanced-heading uagb-block-11148bdd\"><h5 class=\"uagb-heading-text\">Confort et rapidit\u00e9 avec nos transferts de l'a\u00e9roport de Minorque<\/h5><p class=\"uagb-desc-text\">Commencez vos vacances sans stress avec notre service de transfert de l'a\u00e9roport de Minorque. Nous proposons des transports priv\u00e9s et partag\u00e9s pour vous permettre d'arriver \u00e0 destination rapidement et en toute s\u00e9curit\u00e9. Nos chauffeurs professionnels vous attendront \u00e0 votre arriv\u00e9e, vous aideront \u00e0 porter vos bagages et vous assureront un voyage confortable jusqu'\u00e0 votre h\u00e9bergement. Oubliez les longues attentes et les inconv\u00e9nients des transports publics ; avec nous, votre confort est notre priorit\u00e9 d\u00e8s le premier instant.<\/p><\/div>\n\n\n\n<div class=\"wp-block-uagb-image alignleft uagb-block-65d88814 wp-block-uagb-image--layout-default wp-block-uagb-image--effect-static wp-block-uagb-image--align-left\"><figure class=\"wp-block-uagb-image__figure\"><a class=\"\" href=\"https:\/\/www.shuttlespaintransfers.com\/es\/traslados-aeropuerto-menorca\/ciutadella\/partner\/Cas-Arader\" target=\"_blank\" rel=\"noreferrer noopener\"><img decoding=\"async\" srcset=\"https:\/\/pyphouse.com\/wp-content\/uploads\/2024\/06\/logoshuttle.png ,https:\/\/pyphouse.com\/wp-content\/uploads\/2024\/06\/logoshuttle.png 780w, https:\/\/pyphouse.com\/wp-content\/uploads\/2024\/06\/logoshuttle.png 360w\" sizes=\"auto, (max-width: 480px) 150px\" src=\"https:\/\/pyphouse.com\/wp-content\/uploads\/2024\/06\/logoshuttle.png\" alt=\"\" class=\"uag-image-969\" width=\"232\" height=\"71\" title=\"logoshuttle\" loading=\"lazy\" role=\"img\"\/><\/a><\/figure><\/div>\n<\/div>\n\n\n\n<div class=\"wp-block-uagb-container uagb-block-f0c0b37e\">\n<div class=\"wp-block-uagb-image uagb-block-4c4a5697 wp-block-uagb-image--layout-default wp-block-uagb-image--effect-static wp-block-uagb-image--align-none\"><figure class=\"wp-block-uagb-image__figure\"><img decoding=\"async\" srcset=\"https:\/\/pyphouse.com\/wp-content\/uploads\/2024\/06\/elegant-business-lady-in-minivan-taxi-2023-11-27-05-16-11-utc-1024x683.jpg ,https:\/\/pyphouse.com\/wp-content\/uploads\/2024\/06\/elegant-business-lady-in-minivan-taxi-2023-11-27-05-16-11-utc-scaled.jpg 780w, https:\/\/pyphouse.com\/wp-content\/uploads\/2024\/06\/elegant-business-lady-in-minivan-taxi-2023-11-27-05-16-11-utc-scaled.jpg 360w\" sizes=\"auto, (max-width: 480px) 150px\" src=\"https:\/\/pyphouse.com\/wp-content\/uploads\/2024\/06\/elegant-business-lady-in-minivan-taxi-2023-11-27-05-16-11-utc-1024x683.jpg\" alt=\"\" class=\"uag-image-966\" width=\"1024\" height=\"683\" title=\"Femme d&#039;affaires \u00e9l\u00e9gante dans un minibus taxi\" loading=\"lazy\" role=\"img\"\/><\/figure><\/div>\n<\/div>\n<\/div><\/div>\n\n\n\n<div class=\"wp-block-uagb-container uagb-block-af3f29dc alignfull uagb-is-root-container\"><div class=\"uagb-container-inner-blocks-wrap\">\n<div class=\"wp-block-uagb-container uagb-block-a5acfc77\">\n<div class=\"wp-block-uagb-image uagb-block-e7fdc997 wp-block-uagb-image--layout-default wp-block-uagb-image--effect-static wp-block-uagb-image--align-none\"><figure class=\"wp-block-uagb-image__figure\"><img decoding=\"async\" srcset=\"https:\/\/pyphouse.com\/wp-content\/uploads\/2024\/06\/group-of-friends-with-backpacks-doing-trekking-exc-2023-11-27-05-08-39-utc-1024x662.jpg ,https:\/\/pyphouse.com\/wp-content\/uploads\/2024\/06\/group-of-friends-with-backpacks-doing-trekking-exc-2023-11-27-05-08-39-utc-scaled.jpg 780w, https:\/\/pyphouse.com\/wp-content\/uploads\/2024\/06\/group-of-friends-with-backpacks-doing-trekking-exc-2023-11-27-05-08-39-utc-scaled.jpg 360w\" sizes=\"auto, (max-width: 480px) 150px\" src=\"https:\/\/pyphouse.com\/wp-content\/uploads\/2024\/06\/group-of-friends-with-backpacks-doing-trekking-exc-2023-11-27-05-08-39-utc-1024x662.jpg\" alt=\"\" class=\"uag-image-967\" width=\"1024\" height=\"662\" title=\"Groupe d&#039;amis avec des sacs \u00e0 dos faisant une excursion de trekking sur la montagne\" loading=\"lazy\" role=\"img\"\/><\/figure><\/div>\n<\/div>\n\n\n\n<div class=\"wp-block-uagb-container uagb-block-99908c10\">\n<div class=\"wp-block-uagb-advanced-heading uagb-block-ef039c1d\"><h2 class=\"uagb-heading-text\">Excursions<\/h2><div class=\"uagb-separator\"><\/div><\/div>\n\n\n\n<div class=\"wp-block-uagb-advanced-heading uagb-block-794450ab\"><h5 class=\"uagb-heading-text\">Explorez Minorque avec nos excursions guid\u00e9es<\/h5><p class=\"uagb-desc-text\">Vivez des exp\u00e9riences inoubliables \u00e0 Minorque gr\u00e2ce \u00e0 nos excursions guid\u00e9es. D\u00e9couvrez les endroits les plus embl\u00e9matiques et les plus cach\u00e9s de l'\u00eele avec l'aide de guides locaux experts qui vous raconteront l'histoire, la culture et la nature de Minorque. Nous proposons une vari\u00e9t\u00e9 d'excursions pour r\u00e9pondre \u00e0 tous les int\u00e9r\u00eats, depuis les sentiers de randonn\u00e9e et les visites de monuments historiques jusqu'aux visites gastronomiques et aux activit\u00e9s nautiques. Que vous pr\u00e9f\u00e9riez une aventure active ou une visite d\u00e9tendue, nos excursions vous feront d\u00e9couvrir le meilleur de Minorque.<\/p><\/div>\n<\/div>\n<\/div><\/div>\n\n\n\n<div class=\"wp-block-uagb-container uagb-block-6531b65f alignfull uagb-is-root-container\"><div class=\"uagb-container-inner-blocks-wrap\">\n<div class=\"wp-block-uagb-container uagb-block-771bbdc6\">\n<div class=\"wp-block-uagb-advanced-heading uagb-block-c77450e2\"><h6 class=\"uagb-heading-text\">Contactez-nous d\u00e8s aujourd'hui<\/h6><\/div>\n\n\n\n<div class=\"wp-block-uagb-advanced-heading uagb-block-ed792903\"><h3 class=\"uagb-heading-text\">Pr\u00eat \u00e0 trouver un logement temporaire \u00e0 Minorque ?<\/h3><div class=\"uagb-separator\"><\/div><p class=\"uagb-desc-text\">Faites confiance \u00e0 P&amp;P House pour trouver le logement id\u00e9al pour votre s\u00e9jour temporaire \u00e0 Minorque gr\u00e2ce \u00e0 notre service de location de chambres.<\/p><\/div>\n\n\n\n<div class=\"wp-block-uagb-buttons uagb-buttons__outer-wrap uagb-btn__default-btn uagb-btn-tablet__default-btn uagb-btn-mobile__default-btn uagb-block-64539763\"><div class=\"uagb-buttons__wrap uagb-buttons-layout-wrap\">\n<div class=\"wp-block-uagb-buttons-child uagb-buttons__outer-wrap uagb-block-b418e951 wp-block-button\"><div class=\"uagb-button__wrapper\"><a class=\"uagb-buttons-repeater wp-block-button__link\" aria-label=\"\" href=\"https:\/\/pyphouse.com\/fr\/contacto\/\" rel=\"follow noopener\" target=\"_self\" role=\"button\"><div class=\"uagb-button__link\">Contact<\/div><span class=\"uagb-button__icon uagb-button__icon-position-after\"><svg xmlns=\"https:\/\/www.w3.org\/2000\/svg\" viewbox=\"0 0 448 512\" aria-hidden=\"true\" focussable=\"false\"><path d=\"M438.6 278.6l-160 160C272.4 444.9 264.2 448 256 448s-16.38-3.125-22.62-9.375c-12.5-12.5-12.5-32.75 0-45.25L338.8 288H32C14.33 288 .0016 273.7 .0016 256S14.33 224 32 224h306.8l-105.4-105.4c-12.5-12.5-12.5-32.75 0-45.25s32.75-12.5 45.25 0l160 160C451.1 245.9 451.1 266.1 438.6 278.6z\"><\/path><\/svg><\/span><\/a><\/div><\/div>\n<\/div><\/div>\n<\/div>\n<\/div><\/div>","protected":false},"excerpt":{"rendered":"<p>Location de voiture, transferts a\u00e9roport et excursions inoubliables pour une exp\u00e9rience compl\u00e8te Services exclusifs \u00e0 Minorque Location de voiture D\u00e9couvrez Minorque \u00e0 votre rythme avec Minurka Location de voiture Profitez de la libert\u00e9 d'explorer Minorque \u00e0 votre rythme avec le service de location de voiture de Minurka. Nous disposons d'une large gamme de [...]<\/p>","protected":false},"author":1,"featured_media":0,"parent":0,"menu_order":0,"comment_status":"closed","ping_status":"closed","template":"","meta":{"_acf_changed":false,"_uag_custom_page_level_css":"","site-sidebar-layout":"default","site-content-layout":"","ast-site-content-layout":"default","site-content-style":"default","site-sidebar-style":"default","ast-global-header-display":"","ast-banner-title-visibility":"","ast-main-header-display":"","ast-hfb-above-header-display":"","ast-hfb-below-header-display":"","ast-hfb-mobile-header-display":"","site-post-title":"disabled","ast-breadcrumbs-content":"","ast-featured-img":"","footer-sml-layout":"","ast-disable-related-posts":"","theme-transparent-header-meta":"","adv-header-id-meta":"","stick-header-meta":"","header-above-stick-meta":"","header-main-stick-meta":"","header-below-stick-meta":"","astra-migrate-meta-layouts":"set","ast-page-background-enabled":"default","ast-page-background-meta":{"desktop":{"background-color":"var(--ast-global-color-4)","background-image":"","background-repeat":"repeat","background-position":"center center","background-size":"auto","background-attachment":"scroll","background-type":"","background-media":"","overlay-type":"","overlay-color":"","overlay-opacity":"","overlay-gradient":""},"tablet":{"background-color":"","background-image":"","background-repeat":"repeat","background-position":"center center","background-size":"auto","background-attachment":"scroll","background-type":"","background-media":"","overlay-type":"","overlay-color":"","overlay-opacity":"","overlay-gradient":""},"mobile":{"background-color":"","background-image":"","background-repeat":"repeat","background-position":"center center","background-size":"auto","background-attachment":"scroll","background-type":"","background-media":"","overlay-type":"","overlay-color":"","overlay-opacity":"","overlay-gradient":""}},"ast-content-background-meta":{"desktop":{"background-color":"var(--ast-global-color-5)","background-image":"","background-repeat":"repeat","background-position":"center center","background-size":"auto","background-attachment":"scroll","background-type":"","background-media":"","overlay-type":"","overlay-color":"","overlay-opacity":"","overlay-gradient":""},"tablet":{"background-color":"var(--ast-global-color-5)","background-image":"","background-repeat":"repeat","background-position":"center center","background-size":"auto","background-attachment":"scroll","background-type":"","background-media":"","overlay-type":"","overlay-color":"","overlay-opacity":"","overlay-gradient":""},"mobile":{"background-color":"var(--ast-global-color-5)","background-image":"","background-repeat":"repeat","background-position":"center center","background-size":"auto","background-attachment":"scroll","background-type":"","background-media":"","overlay-type":"","overlay-color":"","overlay-opacity":"","overlay-gradient":""}},"footnotes":""},"categories":[],"tags":[],"class_list":["post-652","page","type-page","status-publish","hentry"],"acf":[],"uagb_featured_image_src":{"full":false,"thumbnail":false,"medium":false,"medium_large":false,"large":false,"1536x1536":false,"2048x2048":false,"trp-custom-language-flag":false},"uagb_author_info":{"display_name":"domingo","author_link":"https:\/\/pyphouse.com\/fr\/author\/domingo\/"},"uagb_comment_info":0,"uagb_excerpt":"Alquiler de Coches, Traslados desde el Aeropuerto y Excursiones Inolvidables para una Experiencia Completa Servicios Exclusivos en Menorca Alquiler de coche Descubre Menorca a tu Ritmo con el Alquiler de Coches Minurka Disfruta de la libertad de explorar Menorca a tu propio ritmo con el servicio de alquiler de coches de Minurka. Disponemos de una\u2026","_links":{"self":[{"href":"https:\/\/pyphouse.com\/fr\/wp-json\/wp\/v2\/pages\/652","targetHints":{"allow":["GET"]}}],"collection":[{"href":"https:\/\/pyphouse.com\/fr\/wp-json\/wp\/v2\/pages"}],"about":[{"href":"https:\/\/pyphouse.com\/fr\/wp-json\/wp\/v2\/types\/page"}],"author":[{"embeddable":true,"href":"https:\/\/pyphouse.com\/fr\/wp-json\/wp\/v2\/users\/1"}],"replies":[{"embeddable":true,"href":"https:\/\/pyphouse.com\/fr\/wp-json\/wp\/v2\/comments?post=652"}],"version-history":[{"count":4,"href":"https:\/\/pyphouse.com\/fr\/wp-json\/wp\/v2\/pages\/652\/revisions"}],"predecessor-version":[{"id":971,"href":"https:\/\/pyphouse.com\/fr\/wp-json\/wp\/v2\/pages\/652\/revisions\/971"}],"wp:attachment":[{"href":"https:\/\/pyphouse.com\/fr\/wp-json\/wp\/v2\/media?parent=652"}],"wp:term":[{"taxonomy":"category","embeddable":true,"href":"https:\/\/pyphouse.com\/fr\/wp-json\/wp\/v2\/categories?post=652"},{"taxonomy":"post_tag","embeddable":true,"href":"https:\/\/pyphouse.com\/fr\/wp-json\/wp\/v2\/tags?post=652"}],"curies":[{"name":"wp","href":"https:\/\/api.w.org\/{rel}","templated":true}]}}