{"id":653,"date":"2024-05-28T14:23:51","date_gmt":"2024-05-28T12:23:51","guid":{"rendered":"https:\/\/pyphouse.com\/?page_id=653"},"modified":"2024-10-14T19:50:52","modified_gmt":"2024-10-14T17:50:52","slug":"servicios-de-asesoramiento-propietarios-huespedes-alquiler-menorca","status":"publish","type":"page","link":"https:\/\/pyphouse.com\/fr\/servicios-de-asesoramiento-propietarios-huespedes-alquiler-menorca\/","title":{"rendered":"Services de conseil"},"content":{"rendered":"<div class=\"wp-block-uagb-container uagb-block-9ec7f4b7 alignfull uagb-is-root-container\"><div class=\"uagb-container-inner-blocks-wrap\">\n<div class=\"wp-block-uagb-advanced-heading uagb-block-f29c5bb1\"><h4 class=\"uagb-heading-text\">Optimisez votre exp\u00e9rience gr\u00e2ce \u00e0 nos services complets destin\u00e9s aux propri\u00e9taires et aux h\u00f4tes.<\/h4><\/div>\n\n\n\n<div class=\"wp-block-uagb-advanced-heading uagb-block-8357f53e\"><h1 class=\"uagb-heading-text\">Services de conseil<\/h1><\/div>\n<\/div><\/div>\n\n\n\n<div class=\"wp-block-uagb-container uagb-block-110b0c74 alignfull uagb-is-root-container\"><div class=\"uagb-container-inner-blocks-wrap\">\n<div class=\"wp-block-uagb-container uagb-block-b96a974d\">\n<div class=\"wp-block-uagb-advanced-heading uagb-block-8847e19c\"><h2 class=\"uagb-heading-text\">Avantages de la location de chambres avec P&amp;P House<\/h2><p class=\"uagb-desc-text\">La gestion d'une propri\u00e9t\u00e9 de vacances peut \u00eatre une t\u00e2che difficile, mais gr\u00e2ce \u00e0 notre exp\u00e9rience et \u00e0 notre d\u00e9vouement, nous simplifions ce processus pour vous. Nous offrons :<\/p><\/div>\n\n\n\n<div class=\"wp-block-uagb-container uagb-block-5fbeea1d\">\n<div class=\"wp-block-uagb-container uagb-block-42ff1fb2\">\n<div class=\"wp-block-uagb-info-box uagb-block-15d0abbe uagb-infobox__content-wrap  uagb-infobox-icon-above-title uagb-infobox-image-valign-top\"><div class=\"uagb-ifb-content\"><div class=\"uagb-ifb-icon-wrap\"><svg xmlns=\"https:\/\/www.w3.org\/2000\/svg\" viewbox=\"0 0 512 512\"><path d=\"M500.3 443.7l-119.7-119.7c27.22-40.41 40.65-90.9 33.46-144.7C401.8 87.79 326.8 13.32 235.2 1.723C99.01-15.51-15.51 99.01 1.724 235.2c11.6 91.64 86.08 166.7 177.6 178.9c53.8 7.189 104.3-6.236 144.7-33.46l119.7 119.7c15.62 15.62 40.95 15.62 56.57 0C515.9 484.7 515.9 459.3 500.3 443.7zM79.1 208c0-70.58 57.42-128 128-128s128 57.42 128 128c0 70.58-57.42 128-128 128S79.1 278.6 79.1 208z\"><\/path><\/svg><\/div><div class=\"uagb-ifb-title-wrap\"><h3 class=\"uagb-ifb-title\">Transparence totale des r\u00e9serves<\/h3><\/div><p class=\"uagb-ifb-desc\">Nous vous tenons inform\u00e9 de toutes les r\u00e9servations pour votre propri\u00e9t\u00e9, avec un acc\u00e8s complet aux d\u00e9tails et au montant que vous recevrez pour chaque r\u00e9servation.<\/p><\/div><\/div>\n<\/div>\n\n\n\n<div class=\"wp-block-uagb-container uagb-block-17d35bd3\">\n<div class=\"wp-block-uagb-info-box uagb-block-06e7856f uagb-infobox__content-wrap  uagb-infobox-icon-above-title uagb-infobox-image-valign-top\"><div class=\"uagb-ifb-content\"><div class=\"uagb-ifb-icon-wrap\"><svg xmlns=\"https:\/\/www.w3.org\/2000\/svg\" viewbox=\"0 0 320 512\"><path d=\"M318.4 304.5c-3.531 9.344-12.47 15.52-22.45 15.52h-105l45.15 94.82c9.496 19.94 1.031 43.8-18.91 53.31c-19.95 9.504-43.82 1.035-53.32-18.91L117.3 351.3l-75 88.25c-4.641 5.469-11.37 8.453-18.28 8.453c-2.781 0-5.578-.4844-8.281-1.469C6.281 443.1 0 434.1 0 423.1V56.02c0-9.438 5.531-18.03 14.12-21.91C22.75 30.26 32.83 31.77 39.87 37.99l271.1 240C319.4 284.6 321.1 295.1 318.4 304.5z\"><\/path><\/svg><\/div><div class=\"uagb-ifb-title-wrap\"><h3 class=\"uagb-ifb-title\">Mise \u00e0 jour constante<\/h3><\/div><p class=\"uagb-ifb-desc\">Nous vous informons de toute modification des r\u00e8gles fiscales, juridiques et l\u00e9gislatives susceptibles d'affecter votre bien. Nous veillons \u00e0 ce que vous respectiez toutes les r\u00e9glementations afin d'\u00e9viter tout d\u00e9sagr\u00e9ment.<\/p><\/div><\/div>\n<\/div>\n\n\n\n<div class=\"wp-block-uagb-container uagb-block-62fd0ca9\">\n<div class=\"wp-block-uagb-info-box uagb-block-a4257f35 uagb-infobox__content-wrap  uagb-infobox-icon-above-title uagb-infobox-image-valign-top\"><div class=\"uagb-ifb-content\"><div class=\"uagb-ifb-icon-wrap\"><svg xmlns=\"https:\/\/www.w3.org\/2000\/svg\" viewbox=\"0 0 512 512\"><path d=\"M480 179.6C498.6 188.4 512 212.1 512 240C512 267.9 498.6 291.6 480 300.4V448C480 460.9 472.2 472.6 460.2 477.6C448.3 482.5 434.5 479.8 425.4 470.6L381.7 426.1C333.7 378.1 268.6 352 200.7 352H192V480C192 497.7 177.7 512 160 512H96C78.33 512 64 497.7 64 480V352C28.65 352 0 323.3 0 288V192C0 156.7 28.65 128 64 128H200.7C268.6 128 333.7 101 381.7 53.02L425.4 9.373C434.5 .2215 448.3-2.516 460.2 2.437C472.2 7.39 480 19.06 480 32V179.6zM200.7 192H192V288H200.7C280.5 288 357.2 317.8 416 371.3V108.7C357.2 162.2 280.5 192 200.7 192V192z\"><\/path><\/svg><\/div><div class=\"uagb-ifb-title-wrap\"><h3 class=\"uagb-ifb-title\">Une publicit\u00e9 efficace<\/h3><\/div><p class=\"uagb-ifb-desc\">Nous publions votre propri\u00e9t\u00e9 sur les meilleures plateformes de location de vacances afin de garantir une visibilit\u00e9 et une occupation maximales.<\/p><\/div><\/div>\n<\/div>\n\n\n\n<div class=\"wp-block-uagb-container uagb-block-325ae0df\">\n<div class=\"wp-block-uagb-info-box uagb-block-4667d79c uagb-infobox__content-wrap  uagb-infobox-icon-above-title uagb-infobox-image-valign-top\"><div class=\"uagb-ifb-content\"><div class=\"uagb-ifb-icon-wrap\"><svg xmlns=\"https:\/\/www.w3.org\/2000\/svg\" viewbox=\"0 0 640 512\"><path d=\"M334.6 217.4l-30 27.49C264 282.1 217.8 256.8 202.9 240.6C176 211.2 178.1 165.7 207.3 138.9L289.1 64H282.5C224.7 64 169.1 86.95 128.2 127.8L32 128.1c-17.6 0-32 14.39-32 31.98v159.8c0 17.59 14.4 32.04 31.1 32.04l114.3-.0604l90.5 81.82c27.5 22.37 67.75 18.11 90-9.255l18.12 15.25c15.88 12.1 39.38 10.5 52.38-5.369l31.38-38.6l5.374 4.498c13.75 11 33.88 9.002 45-4.748l9.576-11.83c11.08-13.7 8.979-33.75-4.701-44.86L334.6 217.4zM608 128.1l-96-.1257c-40.98-40.96-96.56-63.88-154.5-63.88L348.9 64c-8 0-15.62 3.197-21.62 8.568L229 162.3C228.9 162.5 228.8 162.7 228.8 162.7C212 178.5 212.4 203.3 226.6 218.7c9.625 10.5 35 21.62 56.13 2.75c0-.125 .25-.125 .375-.25l80-73.1c6.5-5.871 16.62-5.496 22.62 1s5.5 16.62-1 22.62l-26.12 23.87l145.6 118.1c12.12 9.992 19.5 23.49 22.12 37.98L608 351.7c17.6 0 32-14.38 32-31.98V160.1C640 142.4 625.7 128.1 608 128.1z\"><\/path><\/svg><\/div><div class=\"uagb-ifb-title-wrap\"><h3 class=\"uagb-ifb-title\">Soutien continu<\/h3><\/div><p class=\"uagb-ifb-desc\">Nous sommes \u00e0 votre disposition pour r\u00e9pondre \u00e0 toute question ou probl\u00e8me que vous pourriez avoir, en vous offrant un service proche et personnalis\u00e9.<\/p><\/div><\/div>\n<\/div>\n<\/div>\n<\/div>\n\n\n\n<div class=\"wp-block-uagb-container uagb-block-444b9be6\">\n<div class=\"wp-block-uagb-advanced-heading uagb-block-10fe9d2c\"><div class=\"uagb-separator\"><\/div><h2 class=\"uagb-heading-text\">Conseils aux invit\u00e9s<\/h2><p class=\"uagb-desc-text\">Nous savons que chaque client est unique et notre objectif est de trouver la maison id\u00e9ale pour r\u00e9pondre \u00e0 vos souhaits et \u00e0 vos besoins. Notre service de conseil comprend<\/p><\/div>\n\n\n\n<div class=\"wp-block-uagb-container uagb-block-5ef19ff9\">\n<div class=\"wp-block-uagb-container uagb-block-7032b841\">\n<div class=\"wp-block-uagb-info-box uagb-block-04b397fd uagb-infobox__content-wrap  uagb-infobox-icon-above-title uagb-infobox-image-valign-top\"><div class=\"uagb-ifb-content\"><div class=\"uagb-ifb-icon-wrap\"><svg xmlns=\"https:\/\/www.w3.org\/2000\/svg\" viewbox=\"0 0 512 512\"><path d=\"M304 48C304 74.51 282.5 96 256 96C229.5 96 208 74.51 208 48C208 21.49 229.5 0 256 0C282.5 0 304 21.49 304 48zM248 352V480C248 497.7 233.7 512 216 512C198.3 512 184 497.7 184 480V256.9L155.4 304.5C146.3 319.6 126.7 324.5 111.5 315.4C96.37 306.3 91.47 286.7 100.6 271.5L158.8 174.6C176.2 145.7 207.4 128 241.1 128H270.9C304.6 128 335.8 145.7 353.2 174.6L411.4 271.5C420.5 286.7 415.6 306.3 400.5 315.4C385.3 324.5 365.7 319.6 356.6 304.5L328 256.9V480C328 497.7 313.7 512 296 512C278.3 512 264 497.7 264 480V352L248 352zM7.029 7.029C16.4-2.343 31.6-2.343 40.97 7.029L120.1 87.03C130.3 96.4 130.3 111.6 120.1 120.1C111.6 130.3 96.4 130.3 87.03 120.1L7.029 40.97C-2.343 31.6-2.343 16.4 7.029 7.029V7.029zM471 7.029C480.4-2.343 495.6-2.343 504.1 7.029C514.3 16.4 514.3 31.6 504.1 40.97L424.1 120.1C415.6 130.3 400.4 130.3 391 120.1C381.7 111.6 381.7 96.4 391 87.03L471 7.029zM7.029 471L87.03 391C96.4 381.7 111.6 381.7 120.1 391C130.3 400.4 130.3 415.6 120.1 424.1L40.97 504.1C31.6 514.3 16.4 514.3 7.029 504.1C-2.343 495.6-2.343 480.4 7.029 471V471zM391 424.1C381.7 415.6 381.7 400.4 391 391C400.4 381.7 415.6 381.7 424.1 391L504.1 471C514.3 480.4 514.3 495.6 504.1 504.1C495.6 514.3 480.4 514.3 471 504.1L391 424.1z\"><\/path><\/svg><\/div><div class=\"uagb-ifb-title-wrap\"><h3 class=\"uagb-ifb-title\">Une attention personnalis\u00e9e<\/h3><\/div><p class=\"uagb-ifb-desc\">Nous vous \u00e9coutons et comprenons vos pr\u00e9f\u00e9rences afin de vous recommander la maison id\u00e9ale.<\/p><\/div><\/div>\n<\/div>\n\n\n\n<div class=\"wp-block-uagb-container uagb-block-333c0bcd\">\n<div class=\"wp-block-uagb-info-box uagb-block-c5aa0e8c uagb-infobox__content-wrap  uagb-infobox-icon-above-title uagb-infobox-image-valign-top\"><div class=\"uagb-ifb-content\"><div class=\"uagb-ifb-icon-wrap\"><svg xmlns=\"https:\/\/www.w3.org\/2000\/svg\" viewbox=\"0 0 512 512\"><path d=\"M282.3 343.7L248.1 376.1C244.5 381.5 238.4 384 232 384H192V424C192 437.3 181.3 448 168 448H128V488C128 501.3 117.3 512 104 512H24C10.75 512 0 501.3 0 488V408C0 401.6 2.529 395.5 7.029 391L168.3 229.7C162.9 212.8 160 194.7 160 176C160 78.8 238.8 0 336 0C433.2 0 512 78.8 512 176C512 273.2 433.2 352 336 352C317.3 352 299.2 349.1 282.3 343.7zM376 176C398.1 176 416 158.1 416 136C416 113.9 398.1 96 376 96C353.9 96 336 113.9 336 136C336 158.1 353.9 176 376 176z\"><\/path><\/svg><\/div><div class=\"uagb-ifb-title-wrap\"><h3 class=\"uagb-ifb-title\">Enregistrement personnalis\u00e9<\/h3><\/div><p class=\"uagb-ifb-desc\">Nous vous accueillons en personne, nous nous assurons que tout est en ordre et nous r\u00e9pondons \u00e0 vos questions.<\/p><\/div><\/div>\n<\/div>\n\n\n\n<div class=\"wp-block-uagb-container uagb-block-4ad6ea6d\">\n<div class=\"wp-block-uagb-info-box uagb-block-4010644f uagb-infobox__content-wrap  uagb-infobox-icon-above-title uagb-infobox-image-valign-top\"><div class=\"uagb-ifb-content\"><div class=\"uagb-ifb-icon-wrap\"><svg xmlns=\"https:\/\/www.w3.org\/2000\/svg\" viewbox=\"0 0 512 512\"><path d=\"M191.1 224c0-17.72-14.34-32.04-32-32.04L144 192c-35.34 0-64 28.66-64 64.08v47.79C80 339.3 108.7 368 144 368H160c17.66 0 32-14.36 32-32.06L191.1 224zM256 0C112.9 0 4.583 119.1 .0208 256L0 296C0 309.3 10.75 320 23.1 320S48 309.3 48 296V256c0-114.7 93.34-207.8 208-207.8C370.7 48.2 464 141.3 464 256v144c0 22.09-17.91 40-40 40h-110.7C305 425.7 289.7 416 272 416H241.8c-23.21 0-44.5 15.69-48.87 38.49C187 485.2 210.4 512 239.1 512H272c17.72 0 33.03-9.711 41.34-24H424c48.6 0 88-39.4 88-88V256C507.4 119.1 399.1 0 256 0zM368 368c35.34 0 64-28.7 64-64.13V256.1C432 220.7 403.3 192 368 192l-16 0c-17.66 0-32 14.34-32 32.04L320 335.9C320 353.7 334.3 368 352 368H368z\"><\/path><\/svg><\/div><div class=\"uagb-ifb-title-wrap\"><h3 class=\"uagb-ifb-title\">Assistance 24\/7<\/h3><\/div><p class=\"uagb-ifb-desc\">Nous sommes disponibles 24 heures sur 24 pour r\u00e9pondre \u00e0 toutes les questions ou r\u00e9soudre les probl\u00e8mes qui pourraient survenir pendant votre s\u00e9jour.<\/p><\/div><\/div>\n<\/div>\n<\/div>\n<\/div>\n<\/div><\/div>\n\n\n\n<div class=\"wp-block-uagb-container uagb-block-f94f0b6a alignfull uagb-is-root-container\"><div class=\"uagb-container-inner-blocks-wrap\">\n<div class=\"wp-block-uagb-advanced-heading uagb-block-f3a9aa42\"><h4 class=\"uagb-heading-text\">Avec P&amp;P House, les propri\u00e9taires et les h\u00f4tes peuvent b\u00e9n\u00e9ficier d'un service de conseil professionnel et proche, garantissant une exp\u00e9rience de vacances inoubliable \u00e0 Minorque.<\/h4><\/div>\n<\/div><\/div>\n\n\n\n<div class=\"wp-block-uagb-container uagb-block-6531b65f alignfull uagb-is-root-container\"><div class=\"uagb-container-inner-blocks-wrap\">\n<div class=\"wp-block-uagb-container uagb-block-771bbdc6\">\n<div class=\"wp-block-uagb-advanced-heading uagb-block-c77450e2\"><h6 class=\"uagb-heading-text\">Contactez-nous d\u00e8s aujourd'hui<\/h6><\/div>\n\n\n\n<div class=\"wp-block-uagb-advanced-heading uagb-block-ed792903\"><h3 class=\"uagb-heading-text\">Pr\u00eat \u00e0 trouver un logement temporaire \u00e0 Minorque ?<\/h3><div class=\"uagb-separator\"><\/div><p class=\"uagb-desc-text\">Faites confiance \u00e0 P&amp;P House pour trouver le logement id\u00e9al pour votre s\u00e9jour temporaire \u00e0 Minorque gr\u00e2ce \u00e0 notre service de location de chambres.<\/p><\/div>\n\n\n\n<div class=\"wp-block-uagb-buttons uagb-buttons__outer-wrap uagb-btn__default-btn uagb-btn-tablet__default-btn uagb-btn-mobile__default-btn uagb-block-64539763\"><div class=\"uagb-buttons__wrap uagb-buttons-layout-wrap\">\n<div class=\"wp-block-uagb-buttons-child uagb-buttons__outer-wrap uagb-block-b418e951 wp-block-button\"><div class=\"uagb-button__wrapper\"><a class=\"uagb-buttons-repeater wp-block-button__link\" aria-label=\"\" href=\"https:\/\/pyphouse.com\/fr\/contacto\/\" rel=\"follow noopener\" target=\"_self\" role=\"button\"><div class=\"uagb-button__link\">Contact<\/div><span class=\"uagb-button__icon uagb-button__icon-position-after\"><svg xmlns=\"https:\/\/www.w3.org\/2000\/svg\" viewbox=\"0 0 448 512\" aria-hidden=\"true\" focussable=\"false\"><path d=\"M438.6 278.6l-160 160C272.4 444.9 264.2 448 256 448s-16.38-3.125-22.62-9.375c-12.5-12.5-12.5-32.75 0-45.25L338.8 288H32C14.33 288 .0016 273.7 .0016 256S14.33 224 32 224h306.8l-105.4-105.4c-12.5-12.5-12.5-32.75 0-45.25s32.75-12.5 45.25 0l160 160C451.1 245.9 451.1 266.1 438.6 278.6z\"><\/path><\/svg><\/span><\/a><\/div><\/div>\n<\/div><\/div>\n<\/div>\n<\/div><\/div>","protected":false},"excerpt":{"rendered":"<p>Optimisez votre exp\u00e9rience gr\u00e2ce \u00e0 nos services complets pour les propri\u00e9taires et les h\u00f4tes Services consultatifs Avantages de la location de chambres avec P&amp;P House La gestion d'une propri\u00e9t\u00e9 de vacances peut \u00eatre une t\u00e2che difficile, mais gr\u00e2ce \u00e0 notre exp\u00e9rience et \u00e0 notre d\u00e9vouement, nous simplifions ce processus pour vous. Nous offrons : Conseils aux h\u00f4tes Nous savons que chaque h\u00f4te est unique et notre objectif est de [...]<\/p>","protected":false},"author":1,"featured_media":0,"parent":0,"menu_order":0,"comment_status":"closed","ping_status":"closed","template":"","meta":{"_acf_changed":false,"_uag_custom_page_level_css":"","site-sidebar-layout":"default","site-content-layout":"","ast-site-content-layout":"default","site-content-style":"default","site-sidebar-style":"default","ast-global-header-display":"","ast-banner-title-visibility":"","ast-main-header-display":"","ast-hfb-above-header-display":"","ast-hfb-below-header-display":"","ast-hfb-mobile-header-display":"","site-post-title":"disabled","ast-breadcrumbs-content":"","ast-featured-img":"","footer-sml-layout":"","ast-disable-related-posts":"","theme-transparent-header-meta":"","adv-header-id-meta":"","stick-header-meta":"","header-above-stick-meta":"","header-main-stick-meta":"","header-below-stick-meta":"","astra-migrate-meta-layouts":"set","ast-page-background-enabled":"default","ast-page-background-meta":{"desktop":{"background-color":"var(--ast-global-color-4)","background-image":"","background-repeat":"repeat","background-position":"center center","background-size":"auto","background-attachment":"scroll","background-type":"","background-media":"","overlay-type":"","overlay-color":"","overlay-opacity":"","overlay-gradient":""},"tablet":{"background-color":"","background-image":"","background-repeat":"repeat","background-position":"center center","background-size":"auto","background-attachment":"scroll","background-type":"","background-media":"","overlay-type":"","overlay-color":"","overlay-opacity":"","overlay-gradient":""},"mobile":{"background-color":"","background-image":"","background-repeat":"repeat","background-position":"center center","background-size":"auto","background-attachment":"scroll","background-type":"","background-media":"","overlay-type":"","overlay-color":"","overlay-opacity":"","overlay-gradient":""}},"ast-content-background-meta":{"desktop":{"background-color":"var(--ast-global-color-5)","background-image":"","background-repeat":"repeat","background-position":"center center","background-size":"auto","background-attachment":"scroll","background-type":"","background-media":"","overlay-type":"","overlay-color":"","overlay-opacity":"","overlay-gradient":""},"tablet":{"background-color":"var(--ast-global-color-5)","background-image":"","background-repeat":"repeat","background-position":"center center","background-size":"auto","background-attachment":"scroll","background-type":"","background-media":"","overlay-type":"","overlay-color":"","overlay-opacity":"","overlay-gradient":""},"mobile":{"background-color":"var(--ast-global-color-5)","background-image":"","background-repeat":"repeat","background-position":"center center","background-size":"auto","background-attachment":"scroll","background-type":"","background-media":"","overlay-type":"","overlay-color":"","overlay-opacity":"","overlay-gradient":""}},"footnotes":""},"categories":[],"tags":[],"class_list":["post-653","page","type-page","status-publish","hentry"],"acf":[],"uagb_featured_image_src":{"full":false,"thumbnail":false,"medium":false,"medium_large":false,"large":false,"1536x1536":false,"2048x2048":false,"trp-custom-language-flag":false},"uagb_author_info":{"display_name":"domingo","author_link":"https:\/\/pyphouse.com\/fr\/author\/domingo\/"},"uagb_comment_info":0,"uagb_excerpt":"Optimiza tu Experiencia con Nuestros Servicios Integrales para Propietarios y Hu\u00e9spedes Servicios de Asesoramiento Ventajas de Alquilar Habitaciones con P&amp;P House Gestionar una propiedad vacacional puede ser una tarea desafiante, pero con nuestra experiencia y dedicaci\u00f3n, simplificamos este proceso para ti. Ofrecemos: Asesoramiento para Hu\u00e9spedes Sabemos que cada hu\u00e9sped es \u00fanico, y nuestro objetivo es\u2026","_links":{"self":[{"href":"https:\/\/pyphouse.com\/fr\/wp-json\/wp\/v2\/pages\/653","targetHints":{"allow":["GET"]}}],"collection":[{"href":"https:\/\/pyphouse.com\/fr\/wp-json\/wp\/v2\/pages"}],"about":[{"href":"https:\/\/pyphouse.com\/fr\/wp-json\/wp\/v2\/types\/page"}],"author":[{"embeddable":true,"href":"https:\/\/pyphouse.com\/fr\/wp-json\/wp\/v2\/users\/1"}],"replies":[{"embeddable":true,"href":"https:\/\/pyphouse.com\/fr\/wp-json\/wp\/v2\/comments?post=653"}],"version-history":[{"count":3,"href":"https:\/\/pyphouse.com\/fr\/wp-json\/wp\/v2\/pages\/653\/revisions"}],"predecessor-version":[{"id":975,"href":"https:\/\/pyphouse.com\/fr\/wp-json\/wp\/v2\/pages\/653\/revisions\/975"}],"wp:attachment":[{"href":"https:\/\/pyphouse.com\/fr\/wp-json\/wp\/v2\/media?parent=653"}],"wp:term":[{"taxonomy":"category","embeddable":true,"href":"https:\/\/pyphouse.com\/fr\/wp-json\/wp\/v2\/categories?post=653"},{"taxonomy":"post_tag","embeddable":true,"href":"https:\/\/pyphouse.com\/fr\/wp-json\/wp\/v2\/tags?post=653"}],"curies":[{"name":"wp","href":"https:\/\/api.w.org\/{rel}","templated":true}]}}