{"id":3,"date":"2024-03-11T12:00:35","date_gmt":"2024-03-11T11:00:35","guid":{"rendered":"https:\/\/pyphouse.com\/?page_id=3"},"modified":"2024-05-10T19:49:33","modified_gmt":"2024-05-10T17:49:33","slug":"politica-privacidad","status":"publish","type":"page","link":"https:\/\/pyphouse.com\/it\/politica-privacidad\/","title":{"rendered":"Informativa sulla privacy"},"content":{"rendered":"<h2 class=\"wp-block-heading\">Chi siamo<\/h2>\n\n\n\n<p>L'indirizzo del nostro sito web \u00e8: https:\/\/pyphouse.com.<\/p>\n\n\n\n<h2 class=\"wp-block-heading\">Commenti<\/h2>\n\n\n\n<p>Quando i visitatori lasciano commenti sul sito, raccogliamo i dati visualizzati nel modulo di commento, nonch\u00e9 l'indirizzo IP del visitatore e la stringa dello user agent del browser per facilitare il rilevamento dello spam.<\/p>\n\n\n\n<p>Una stringa anonima creata dal vostro indirizzo e-mail (chiamata anche hash) pu\u00f2 essere fornita al servizio Gravatar per verificare se lo state utilizzando. L'informativa sulla privacy del servizio Gravatar \u00e8 disponibile qui: https:\/\/automattic.com\/privacy\/. Dopo l'approvazione del commento, l'immagine del profilo \u00e8 visibile al pubblico nel contesto del commento.<\/p>\n\n\n\n<h2 class=\"wp-block-heading\">Media<\/h2>\n\n\n\n<p>Se caricate immagini sul sito web, evitate di caricare immagini con dati di localizzazione (GPS EXIF) inclusi. I visitatori del sito web possono scaricare ed estrarre qualsiasi dato sulla posizione dalle immagini presenti sul sito.<\/p>\n\n\n\n<h2 class=\"wp-block-heading\">Biscotti<\/h2>\n\n\n\n<p>Se lasciate un commento sul nostro sito, potete scegliere di salvare il vostro nome, indirizzo e-mail e sito web nei cookie. Questo per comodit\u00e0, in modo da non dover inserire nuovamente i vostri dati quando lasciate un altro commento. La durata di questi cookie \u00e8 di un anno.<\/p>\n\n\n\n<p>Se avete un account e accedete a questo sito, imposteremo un cookie temporaneo per determinare se il vostro browser accetta i cookie. Questo cookie non contiene dati personali e viene cancellato quando si chiude il browser.<\/p>\n\n\n\n<p>Quando si accede, vengono impostati anche alcuni cookie per memorizzare le informazioni di accesso e le opzioni di visualizzazione dello schermo. I cookie di accesso durano due giorni, mentre i cookie delle opzioni di visualizzazione durano un anno. Se si seleziona \"Ricordami\", il login durer\u00e0 due settimane. Se si esce dal proprio account, i cookie di accesso vengono cancellati.<\/p>\n\n\n\n<p>Se modificate o pubblicate un articolo, nel vostro browser verr\u00e0 memorizzato un ulteriore cookie. Questo cookie non contiene dati personali e indica semplicemente l'ID dell'articolo appena modificato. Scade dopo 1 giorno.<\/p>\n\n\n\n<h2 class=\"wp-block-heading\">Contenuti incorporati da altri siti web<\/h2>\n\n\n\n<p>Gli articoli di questo sito possono includere contenuti incorporati (ad esempio video, immagini, articoli, ecc.). I contenuti incorporati provenienti da altri siti web si comportano esattamente come se il visitatore avesse visitato l'altro sito web.<\/p>\n\n\n\n<p>Questi siti web possono raccogliere dati sull'utente, utilizzare i cookie, incorporare un ulteriore tracciamento da parte di terzi e monitorare l'interazione dell'utente con il contenuto incorporato, compreso il tracciamento dell'interazione dell'utente con il contenuto incorporato se dispone di un account e ha effettuato l'accesso al sito web in questione.<\/p>\n\n\n\n<h2 class=\"wp-block-heading\">Con chi condividiamo i vostri dati<\/h2>\n\n\n\n<p>Se si richiede la reimpostazione della password, il proprio indirizzo IP sar\u00e0 incluso nell'e-mail di reimpostazione.<\/p>\n\n\n\n<h2 class=\"wp-block-heading\">Per quanto tempo conserviamo i vostri dati<\/h2>\n\n\n\n<p>Se si lascia un commento, il commento e i suoi metadati vengono conservati a tempo indeterminato. In questo modo possiamo riconoscere e approvare automaticamente i commenti successivi, anzich\u00e9 tenerli in una coda di moderazione.<\/p>\n\n\n\n<p>Per gli utenti che si registrano sul nostro sito web (se presenti), memorizziamo anche le informazioni personali fornite nel loro profilo utente. Tutti gli utenti possono visualizzare, modificare o cancellare le proprie informazioni personali in qualsiasi momento (ad eccezione del fatto che non possono modificare il proprio nome utente). Anche gli amministratori del sito possono visualizzare e modificare tali informazioni.<\/p>\n\n\n\n<h2 class=\"wp-block-heading\">Quali diritti avete sui vostri dati<\/h2>\n\n\n\n<p>Se avete un account o avete lasciato commenti su questo sito web, potete richiedere di ricevere un file di esportazione dei dati personali in nostro possesso, compresi i dati che ci avete fornito. Potete anche richiedere la cancellazione dei dati personali in nostro possesso. Ci\u00f2 non include i dati che siamo tenuti a conservare per scopi amministrativi, legali o di sicurezza.<\/p>\n\n\n\n<h2 class=\"wp-block-heading\">Dove vengono inviati i vostri dati<\/h2>\n\n\n\n<p>I commenti dei visitatori possono essere controllati da un servizio automatico di rilevamento dello spam.<\/p>","protected":false},"excerpt":{"rendered":"<p>Chi siamo L'indirizzo del nostro sito web \u00e8: https:\/\/pyphouse.com. Commenti Quando i visitatori lasciano commenti sul sito, raccogliamo i dati visualizzati nel modulo di commento, nonch\u00e9 l'indirizzo IP del visitatore e la stringa dello user agent del browser per agevolare il rilevamento dello spam. Una stringa anonima [...]<\/p>","protected":false},"author":1,"featured_media":0,"parent":0,"menu_order":0,"comment_status":"closed","ping_status":"open","template":"","meta":{"_acf_changed":false,"_uag_custom_page_level_css":"","site-sidebar-layout":"default","site-content-layout":"","ast-site-content-layout":"default","site-content-style":"default","site-sidebar-style":"default","ast-global-header-display":"","ast-banner-title-visibility":"","ast-main-header-display":"","ast-hfb-above-header-display":"","ast-hfb-below-header-display":"","ast-hfb-mobile-header-display":"","site-post-title":"","ast-breadcrumbs-content":"","ast-featured-img":"","footer-sml-layout":"","ast-disable-related-posts":"","theme-transparent-header-meta":"","adv-header-id-meta":"","stick-header-meta":"","header-above-stick-meta":"","header-main-stick-meta":"","header-below-stick-meta":"","astra-migrate-meta-layouts":"set","ast-page-background-enabled":"default","ast-page-background-meta":{"desktop":{"background-color":"var(--ast-global-color-4)","background-image":"","background-repeat":"repeat","background-position":"center center","background-size":"auto","background-attachment":"scroll","background-type":"","background-media":"","overlay-type":"","overlay-color":"","overlay-opacity":"","overlay-gradient":""},"tablet":{"background-color":"","background-image":"","background-repeat":"repeat","background-position":"center center","background-size":"auto","background-attachment":"scroll","background-type":"","background-media":"","overlay-type":"","overlay-color":"","overlay-opacity":"","overlay-gradient":""},"mobile":{"background-color":"","background-image":"","background-repeat":"repeat","background-position":"center center","background-size":"auto","background-attachment":"scroll","background-type":"","background-media":"","overlay-type":"","overlay-color":"","overlay-opacity":"","overlay-gradient":""}},"ast-content-background-meta":{"desktop":{"background-color":"var(--ast-global-color-5)","background-image":"","background-repeat":"repeat","background-position":"center center","background-size":"auto","background-attachment":"scroll","background-type":"","background-media":"","overlay-type":"","overlay-color":"","overlay-opacity":"","overlay-gradient":""},"tablet":{"background-color":"var(--ast-global-color-5)","background-image":"","background-repeat":"repeat","background-position":"center center","background-size":"auto","background-attachment":"scroll","background-type":"","background-media":"","overlay-type":"","overlay-color":"","overlay-opacity":"","overlay-gradient":""},"mobile":{"background-color":"var(--ast-global-color-5)","background-image":"","background-repeat":"repeat","background-position":"center center","background-size":"auto","background-attachment":"scroll","background-type":"","background-media":"","overlay-type":"","overlay-color":"","overlay-opacity":"","overlay-gradient":""}},"footnotes":""},"categories":[],"tags":[],"class_list":["post-3","page","type-page","status-publish","hentry"],"acf":[],"uagb_featured_image_src":{"full":false,"thumbnail":false,"medium":false,"medium_large":false,"large":false,"1536x1536":false,"2048x2048":false,"trp-custom-language-flag":false},"uagb_author_info":{"display_name":"domingo","author_link":"https:\/\/pyphouse.com\/it\/author\/domingo\/"},"uagb_comment_info":0,"uagb_excerpt":"Qui\u00e9nes somos La direcci\u00f3n de nuestra web es: https:\/\/pyphouse.com. Comentarios Cuando los visitantes dejan comentarios en la web, recopilamos los datos que se muestran en el formulario de comentarios, as\u00ed como la direcci\u00f3n IP del visitante y la cadena de agentes de usuario del navegador para ayudar a la detecci\u00f3n de spam. Una cadena an\u00f3nima&hellip;","_links":{"self":[{"href":"https:\/\/pyphouse.com\/it\/wp-json\/wp\/v2\/pages\/3","targetHints":{"allow":["GET"]}}],"collection":[{"href":"https:\/\/pyphouse.com\/it\/wp-json\/wp\/v2\/pages"}],"about":[{"href":"https:\/\/pyphouse.com\/it\/wp-json\/wp\/v2\/types\/page"}],"author":[{"embeddable":true,"href":"https:\/\/pyphouse.com\/it\/wp-json\/wp\/v2\/users\/1"}],"replies":[{"embeddable":true,"href":"https:\/\/pyphouse.com\/it\/wp-json\/wp\/v2\/comments?post=3"}],"version-history":[{"count":1,"href":"https:\/\/pyphouse.com\/it\/wp-json\/wp\/v2\/pages\/3\/revisions"}],"predecessor-version":[{"id":639,"href":"https:\/\/pyphouse.com\/it\/wp-json\/wp\/v2\/pages\/3\/revisions\/639"}],"wp:attachment":[{"href":"https:\/\/pyphouse.com\/it\/wp-json\/wp\/v2\/media?parent=3"}],"wp:term":[{"taxonomy":"category","embeddable":true,"href":"https:\/\/pyphouse.com\/it\/wp-json\/wp\/v2\/categories?post=3"},{"taxonomy":"post_tag","embeddable":true,"href":"https:\/\/pyphouse.com\/it\/wp-json\/wp\/v2\/tags?post=3"}],"curies":[{"name":"wp","href":"https:\/\/api.w.org\/{rel}","templated":true}]}}