{"id":314,"date":"2024-05-06T20:26:13","date_gmt":"2024-05-06T18:26:13","guid":{"rendered":"https:\/\/pyphouse.com\/contact\/"},"modified":"2025-06-27T09:26:57","modified_gmt":"2025-06-27T07:26:57","slug":"contacto","status":"publish","type":"page","link":"https:\/\/pyphouse.com\/it\/contacto\/","title":{"rendered":"Contatto"},"content":{"rendered":"<div class=\"wp-block-uagb-container uagb-block-21858358 alignfull uagb-is-root-container\"><div class=\"uagb-container-inner-blocks-wrap\">\n<div class=\"wp-block-uagb-advanced-heading uagb-block-78dc323c\"><h4 class=\"uagb-heading-text\">Contattateci all'indirizzo<\/h4><\/div>\n\n\n\n<div class=\"wp-block-uagb-advanced-heading uagb-block-42a70fb3\"><h1 class=\"uagb-heading-text\">Siamo solo a una telefonata o a un messaggio di distanza.<\/h1><\/div>\n<\/div><\/div>\n\n\n\n<div class=\"wp-block-uagb-container uagb-block-8eb68f14 alignfull uagb-is-root-container\"><div class=\"uagb-container-inner-blocks-wrap\">\n<div class=\"wp-block-uagb-container uagb-block-b92978e7\">\n<div class=\"wp-block-uagb-advanced-heading uagb-block-94595d2a\"><h2 class=\"uagb-heading-text\">Siamo lieti di ascoltare le vostre esigenze<\/h2><div class=\"uagb-separator\"><\/div><\/div>\n\n\n\n<div class=\"wp-block-uagb-advanced-heading uagb-block-fb898e2f\"><h6 class=\"uagb-heading-text\">Telefono<\/h6><p class=\"uagb-desc-text\">(+34) 605 62 92 09<\/p><\/div>\n\n\n\n<div class=\"wp-block-uagb-advanced-heading uagb-block-2afdb38e\"><h6 class=\"uagb-heading-text\">Email<\/h6><p class=\"uagb-desc-text\">info@pyphouse.com<\/p><\/div>\n\n\n\n<div class=\"wp-block-uagb-advanced-heading uagb-block-0823c582\"><h6 class=\"uagb-heading-text\">Indirizzo<\/h6><p class=\"uagb-desc-text\">Pla\u00e7a de Dalt es Penyals 12, Locale<br>07760 Ciudadela, Minorca (Spagna)<\/p><\/div>\n<\/div>\n\n\n\n<div class=\"wp-block-uagb-container uagb-block-643c6baa\">\n<div class=\"wp-block-uagb-advanced-heading uagb-block-8d16c0ed\"><h6 class=\"uagb-heading-text\">Come possiamo aiutarvi?<\/h6><\/div>\n\n\n\n<div class=\"wp-block-uagb-advanced-heading uagb-block-be28803d\"><h3 class=\"uagb-heading-text\">Scriveteci all'indirizzo<\/h3><div class=\"uagb-separator\"><\/div><\/div>\n\n\n\n<div class=\"wp-block-uagb-forms uagb-forms__outer-wrap uagb-block-925dafd4 uagb-forms__small-btn\"><form class=\"uagb-forms-main-form\" method=\"post\" autocomplete=\"on\" name=\"uagb-form-925dafd4\" action=\"\">\n<div class=\"wp-block-uagb-forms-name uagb-forms-name-wrap uagb-forms-field-set uagb-block-d808846b\"><div class=\"uagb-forms-name-label required uagb-forms-input-label\" id=\"d808846b\">Name<\/div><input type=\"text\" placeholder=\"Inserisci il tuo nome qui\" required class=\"uagb-forms-name-input uagb-forms-input\" name=\"d808846b\" autocomplete=\"name\"\/><\/div>\n\n\n\n<div class=\"wp-block-uagb-forms-email uagb-forms-email-wrap uagb-forms-field-set uagb-block-aa1b49b4\"><div class=\"uagb-forms-email-label required uagb-forms-input-label\" id=\"aa1b49b4\">Email<\/div><input type=\"email\" class=\"uagb-forms-email-input uagb-forms-input\" placeholder=\"ejemplo@correo.com\" required name=\"aa1b49b4\" autocomplete=\"email\"\/><\/div>\n\n\n\n<div class=\"wp-block-uagb-forms-phone uagb-forms-phone-wrap uagb-forms-field-set uagb-block-5c363281\"><div class=\"uagb-forms-phone-label required uagb-forms-input-label\" id=\"5c363281\">Telefono<\/div><div class=\"uagb-forms-phone-flex\"><select class=\"uagb-forms-input uagb-form-phone-country\" id=\"uagb-form-country-5c363281\" name=\"Tel\u00e9fono[]\"><option value=\"+44\">REGNO UNITO (+44)<\/option><option value=\"+1\">USA \/ Canada (+1)<\/option><option value=\"+213\">Algeria (+213)<\/option><option value=\"+376\">Andorra (+376)<\/option><option value=\"+244\">Angola (+244)<\/option><option value=\"+1264\">Anguilla (+1264)<\/option><option value=\"+1268\">Antigua e Barbuda (+1268)<\/option><option value=\"+54\">Argentina (+54)<\/option><option value=\"+374\">Armenia (+374)<\/option><option value=\"+297\">Aruba (+297)<\/option><option value=\"+61\">Australia (+61)<\/option><option value=\"+43\">Austria (+43)<\/option><option value=\"+994\">Azerbaigian (+994)<\/option><option value=\"+1242\">Bahamas (+1242)<\/option><option value=\"+973\">Bahrain (+973)<\/option><option value=\"+880\">Bangladesh (+880)<\/option><option value=\"+1246\">Barbados (+1246)<\/option><option value=\"+375\">Bielorussia (+375)<\/option><option value=\"+32\">Belgio (+32)<\/option><option value=\"+501\">Belize (+501)<\/option><option value=\"+229\">Benin (+229)<\/option><option value=\"+1441\">Bermuda (+1441)<\/option><option value=\"+975\">Bhutan (+975)<\/option><option value=\"+591\">Bolivia (+591)<\/option><option value=\"+387\">Bosnia ed Erzegovina (+387)<\/option><option value=\"+267\">Botswana (+267)<\/option><option value=\"+55\">Brasile (+55)<\/option><option value=\"+673\">Brunei (+673)<\/option><option value=\"+359\">Bulgaria (+359)<\/option><option value=\"+226\">Burkina Faso (+226)<\/option><option value=\"+257\">Burundi (+257)<\/option><option value=\"+855\">Cambogia (+855)<\/option><option value=\"+237\">Camerun (+237)<\/option><option value=\"+238\">Isole di Capo Verde (+238)<\/option><option value=\"+1345\">Isole Cayman (+1345)<\/option><option value=\"+236\">Repubblica Centrafricana (+236)<\/option><option value=\"+56\">Cile (+56)<\/option><option value=\"+86\">Cina (+86)<\/option><option value=\"+57\">Colombia (+57)<\/option><option value=\"+269\">Comore (+269)<\/option><option value=\"+242\">Congo (+242)<\/option><option value=\"+682\">Isole Cook (+682)<\/option><option value=\"+506\">Costa Rica (+506)<\/option><option value=\"+385\">Croazia (+385)<\/option><option value=\"+53\">Cuba (+53)<\/option><option value=\"+90392\">Cipro Nord (+90392)<\/option><option value=\"+357\">Cipro Sud (+357)<\/option><option value=\"+420\">Repubblica Ceca (+420)<\/option><option value=\"+45\">Danimarca (+45)<\/option><option value=\"+253\">Gibuti (+253)<\/option><option value=\"+1809\">Dominica (+1809)<\/option><option value=\"+1809\">Repubblica Dominicana (+1809)<\/option><option value=\"+593\">Ecuador (+593)<\/option><option value=\"+20\">Egitto (+20)<\/option><option value=\"+503\">El Salvador (+503)<\/option><option value=\"+240\">Guinea Equatoriale (+240)<\/option><option value=\"+291\">Eritrea (+291)<\/option><option value=\"+372\">Estonia (+372)<\/option><option value=\"+251\">Etiopia (+251)<\/option><option value=\"+500\">Isole Falkland (+500)<\/option><option value=\"+298\">Isole Faroe (+298)<\/option><option value=\"+679\">Figi (+679)<\/option><option value=\"+358\">Finlandia (+358)<\/option><option value=\"+33\">Francia (+33)<\/option><option value=\"+594\">Guiana francese (+594)<\/option><option value=\"+689\">Polinesia Francese (+689)<\/option><option value=\"+241\">Gabon (+241)<\/option><option value=\"+220\">Gambia (+220)<\/option><option value=\"+7880\">Georgia (+7880)<\/option><option value=\"+49\">Germania (+49)<\/option><option value=\"+233\">Ghana (+233)<\/option><option value=\"+350\">Gibilterra (+350)<\/option><option value=\"+30\">Grecia (+30)<\/option><option value=\"+299\">Groenlandia (+299)<\/option><option value=\"+1473\">Grenada (+1473)<\/option><option value=\"+590\">Guadalupa (+590)<\/option><option value=\"+671\">Guam (+671)<\/option><option value=\"+502\">Guatemala (+502)<\/option><option value=\"+224\">Guinea (+224)<\/option><option value=\"+245\">Guinea - Bissau (+245)<\/option><option value=\"+592\">Guyana (+592)<\/option><option value=\"+509\">Haiti (+509)<\/option><option value=\"+504\">Honduras (+504)<\/option><option value=\"+852\">Hong Kong (+852)<\/option><option value=\"+36\">Ungheria (+36)<\/option><option value=\"+354\">Islanda (+354)<\/option><option value=\"+91\">India (+91)<\/option><option value=\"+62\">Indonesia (+62)<\/option><option value=\"+98\">Iran (+98)<\/option><option value=\"+964\">Iraq (+964)<\/option><option value=\"+353\">Irlanda (+353)<\/option><option value=\"+972\">Israele (+972)<\/option><option value=\"+39\">Italia (+39)<\/option><option value=\"+1876\">Giamaica (+1876)<\/option><option value=\"+81\">Giappone (+81)<\/option><option value=\"+962\">Giordania (+962)<\/option><option value=\"+7\">Kazakistan (+7)<\/option><option value=\"+254\">Kenya (+254)<\/option><option value=\"+686\">Kiribati (+686)<\/option><option value=\"+850\">Corea del Nord (+850)<\/option><option value=\"+82\">Corea del Sud (+82)<\/option><option value=\"+965\">Kuwait (+965)<\/option><option value=\"+996\">Kirghizistan (+996)<\/option><option value=\"+856\">Laos (+856)<\/option><option value=\"+371\">Lettonia (+371)<\/option><option value=\"+961\">Libano (+961)<\/option><option value=\"+266\">Lesotho (+266)<\/option><option value=\"+231\">Liberia (+231)<\/option><option value=\"+218\">Libia (+218)<\/option><option value=\"+417\">Liechtenstein (+417)<\/option><option value=\"+370\">Lituania (+370)<\/option><option value=\"+352\">Lussemburgo (+352)<\/option><option value=\"+853\">Macao (+853)<\/option><option value=\"+389\">Macedonia (+389)<\/option><option value=\"+261\">Madagascar (+261)<\/option><option value=\"+265\">Malawi (+265)<\/option><option value=\"+60\">Malesia (+60)<\/option><option value=\"+960\">Maldive (+960)<\/option><option value=\"+223\">Mali (+223)<\/option><option value=\"+356\">Malta (+356)<\/option><option value=\"+692\">Isole Marshall (+692)<\/option><option value=\"+596\">Martinica (+596)<\/option><option value=\"+222\">Mauritania (+222)<\/option><option value=\"+269\">Mayotte (+269)<\/option><option value=\"+52\">Messico (+52)<\/option><option value=\"+691\">Micronesia (+691)<\/option><option value=\"+373\">Moldavia (+373)<\/option><option value=\"+377\">Monaco (+377)<\/option><option value=\"+976\">Mongolia (+976)<\/option><option value=\"+1664\">Montserrat (+1664)<\/option><option value=\"+212\">Marocco (+212)<\/option><option value=\"+258\">Mozambico (+258)<\/option><option value=\"+95\">Myanmar (+95)<\/option><option value=\"+264\">Namibia (+264)<\/option><option value=\"+674\">Nauru (+674)<\/option><option value=\"+977\">Nepal (+977)<\/option><option value=\"+31\">Paesi Bassi (+31)<\/option><option value=\"+687\">Nuova Caledonia (+687)<\/option><option value=\"+64\">Nuova Zelanda (+64)<\/option><option value=\"+505\">Nicaragua (+505)<\/option><option value=\"+227\">Niger (+227)<\/option><option value=\"+234\">Nigeria (+234)<\/option><option value=\"+683\">Niue (+683)<\/option><option value=\"+672\">Isole Norfolk (+672)<\/option><option value=\"+670\">Marianne settentrionali (+670)<\/option><option value=\"+47\">Norvegia (+47)<\/option><option value=\"+968\">Oman (+968)<\/option><option value=\"+680\">Palau (+680)<\/option><option value=\"+507\">Panama (+507)<\/option><option value=\"+675\">Papua Nuova Guinea (+675)<\/option><option value=\"+595\">Paraguay (+595)<\/option><option value=\"+51\">Per\u00f9 (+51)<\/option><option value=\"+63\">Filippine (+63)<\/option><option value=\"+48\">Polonia (+48)<\/option><option value=\"+351\">Portogallo (+351)<\/option><option value=\"+1787\">Porto Rico (+1787)<\/option><option value=\"+974\">Qatar (+974)<\/option><option value=\"+262\">Riunione (+262)<\/option><option value=\"+40\">Romania (+40)<\/option><option value=\"+7\">Russia (+7)<\/option><option value=\"+250\">Ruanda (+250)<\/option><option value=\"+378\">San Marino (+378)<\/option><option value=\"+239\">S\u00e3o Tom\u00e9 e Principe (+239)<\/option><option value=\"+966\">Arabia Saudita (+966)<\/option><option value=\"+221\">Senegal (+221)<\/option><option value=\"+381\">Serbia (+381)<\/option><option value=\"+248\">Seychelles (+248)<\/option><option value=\"+232\">Sierra Leone (+232)<\/option><option value=\"+65\">Singapore (+65)<\/option><option value=\"+421\">Repubblica Slovacca (+421)<\/option><option value=\"+386\">Slovenia (+386)<\/option><option value=\"+677\">Isole Salomone (+677)<\/option><option value=\"+252\">Somalia (+252)<\/option><option value=\"+27\">Sudafrica (+27)<\/option><option value=\"+34\" selected>Spagna (+34)<\/option><option value=\"+94\">Sri Lanka (+94)<\/option><option value=\"+290\">Sant'Elena (+290)<\/option><option value=\"+1869\">St. Kitts (+1869)<\/option><option value=\"+1758\">Santa Lucia (+1758)<\/option><option value=\"+249\">Sudan (+249)<\/option><option value=\"+597\">Suriname (+597)<\/option><option value=\"+268\">Swaziland (+268)<\/option><option value=\"+46\">Svezia (+46)<\/option><option value=\"+41\">Svizzera (+41)<\/option><option value=\"+963\">Siria (+963)<\/option><option value=\"+886\">Taiwan (+886)<\/option><option value=\"+7\">Tagikistan (+7)<\/option><option value=\"+66\">Thailandia (+66)<\/option><option value=\"+228\">Togo (+228)<\/option><option value=\"+676\">Tonga (+676)<\/option><option value=\"+1868\">Trinidad e Tobago (+1868)<\/option><option value=\"+216\">Tunisia (+216)<\/option><option value=\"+90\">Turchia (+90)<\/option><option value=\"+7\">Turkmenistan (+7)<\/option><option value=\"+993\">Turkmenistan (+993)<\/option><option value=\"+1649\">Isole Turks e Caicos (+1649)<\/option><option value=\"+688\">Tuvalu (+688)<\/option><option value=\"+256\">Uganda (+256)<\/option><option value=\"+380\">Ucraina (+380)<\/option><option value=\"+971\">Emirati Arabi Uniti (+971)<\/option><option value=\"+598\">Uruguay (+598)<\/option><option value=\"+7\">Uzbekistan (+7)<\/option><option value=\"+678\">Vanuatu (+678)<\/option><option value=\"+379\">Citt\u00e0 del Vaticano (+379)<\/option><option value=\"+58\">Venezuela (+58)<\/option><option value=\"+84\">Vietnam (+84)<\/option><option value=\"+84\">Isole Vergini - Britanniche (+1284)<\/option><option value=\"+84\">Isole Vergini - Stati Uniti (+1340)<\/option><option value=\"+681\">Wallis e Futuna (+681)<\/option><option value=\"+969\">Yemen (Nord)(+969)<\/option><option value=\"+967\">Yemen (Sud)(+967)<\/option><option value=\"+260\">Zambia (+260)<\/option><option value=\"+263\">Zimbabwe (+263)<\/option><\/select><input type=\"tel\" required class=\"uagb-forms-phone-input uagb-forms-input\" name=\"Tel\u00e9fono[]\" autocomplete=\"tel-national\"\/><\/div><\/div>\n\n\n\n<div class=\"wp-block-uagb-forms-select uagb-forms-select-wrap uagb-forms-field-set uagb-block-28af4475\"><div class=\"uagb-forms-select-label  uagb-forms-input-label\" id=\"28af4475\">Asunto:<\/div><select class=\"uagb-forms-select-box uagb-forms-input\" name=\"28af4475\"><option value=\"\" disabled selected>Select your option<\/option><option value=\"Consulta general\">Consulta general<\/option><option value=\"Casa Nold\">Casa Nold<\/option><option value=\"Son Blan I\">Son Blan I<\/option><option value=\"Villa Blanes\">Villa Blanes<\/option><option value=\"Casa Juana\">Casa Juana<\/option><option value=\"Can Toni\">Can Toni<\/option><option value=\"Ca na Lisa\">Ca na Lisa<\/option><option value=\"Can Soler\">Can Soler<\/option><option value=\"Can Matthis\">Can Matthis<\/option><option value=\"Villa Mediterr\u00e1nea\">Villa mediterranea<\/option><\/select><\/div>\n\n\n\n<div class=\"wp-block-uagb-forms-textarea uagb-forms-textarea-wrap uagb-forms-field-set uagb-block-fdb94de0\"><div class=\"uagb-forms-textarea-label required uagb-forms-input-label\" id=\"fdb94de0\">Message<\/div><textarea required class=\"uagb-forms-textarea-input uagb-forms-input\" rows=\"4\" placeholder=\"Messaggio\" name=\"fdb94de0\" autocomplete=\"off\"><\/textarea><\/div>\n\n\n\n<div class=\"wp-block-uagb-forms-accept uagb-forms-accept-wrap uagb-forms-field-set uagb-block-85b011b7\"><div class=\"uagb-forms-accept-privacy-link\"><a href=\"https:\/\/pyphouse.com\/it\/politica-privacidad\/\" target=\"_blank\" rel=\"noopener noreferrer\">Privacy Policy<\/a><\/div><input type=\"checkbox\" name=\"85b011b7\" required value=\"Agree\" class=\"uagb-forms-checkbox\" id=\"uagb-forms-accept-85b011b7\"\/><label name=\"85b011b7\" for=\"uagb-forms-accept-85b011b7\" class=\"uagb-forms-accept-label required\" id=\"85b011b7\">I have read and agree to the Privacy Policy.<\/label><br\/><\/div>\n<div class=\"uagb-forms-form-hidden-data\"><input type=\"hidden\" id=\"g-recaptcha-response\" class=\"uagb-forms-recaptcha\"\/><input type=\"hidden\" class=\"uagb_forms_form_label\" value=\"Spectra Form\"\/><input type=\"hidden\" class=\"uagb_forms_form_id\" value=\"uagb-form-925dafd4\"\/><\/div><div class=\"uagb-form-reacaptcha-error-925dafd4\"><\/div><div class=\"uagb-forms-main-submit-button-wrap wp-block-button\"><button class=\"uagb-forms-main-submit-button wp-block-button__link\"><div class=\"uagb-forms-main-submit-button-text\">Submit<\/div><\/button><\/div><input type=\"hidden\" name=\"trp-form-language\" value=\"it\"\/><\/form><div class=\"uagb-forms-success-message-925dafd4 uagb-forms-submit-message-hide\"><span>The form has been submitted successfully!<\/span><\/div><div class=\"uagb-forms-failed-message-925dafd4 uagb-forms-submit-message-hide\"><span>There has been some error while submitting the form. Please verify all form fields again.<\/span><\/div><\/div>\n<\/div>\n<\/div><\/div>\n\n\n\n<div class=\"wp-block-uagb-container uagb-block-8c3118ab alignfull uagb-is-root-container\"><div class=\"uagb-container-inner-blocks-wrap\">\t\t\t<div \n\t\t\tclass=\"wp-block-uagb-google-map uagb-google-map__wrap uagb-block-e0f92a04\"\n\t\t\tstyle=\"\" >\n\t\t\t\t<embed\n\t\t\t\t\tclass=\"uagb-google-map__iframe\"\n\t\t\t\t\ttitle=\"Mappa di Google per \"\n\t\t\t\t\tsrc=\"https:\/\/maps.google.com\/maps?q=Pla%C3%A7a%20de%20Dalt%20es%20Penyals%2012%2C%20Local%2007760%20Ciudadela%2C%20Menorca%20%28Espa%C3%B1a%29&#038;z=15&#038;hl=es&#038;t=m&#038;output=embed&#038;iwloc=near\"\n\t\t\t\t\twidth=\"640\"\n\t\t\t\t\theight=\"600\"\n\t\t\t\t\tloading=\"lazy\"\n\t\t\t\t><\/embed>\n\t\t\t<\/div>\n\t\t\t<\/div><\/div>","protected":false},"excerpt":{"rendered":"<p>Contatti Siamo a portata di telefono o di messaggio Siamo felici di ascoltare le vostre esigenze Telefono (+34) 605 62 92 09 Email info@pyphouse.com Indirizzo Pla\u00e7a de Dalt es Penyals 12, Local07760 Ciudadela, Minorca (Spagna) Come possiamo aiutarvi? Scriveteci a<\/p>","protected":false},"author":1,"featured_media":0,"parent":0,"menu_order":0,"comment_status":"closed","ping_status":"closed","template":"","meta":{"_acf_changed":false,"_uag_custom_page_level_css":"","site-sidebar-layout":"no-sidebar","site-content-layout":"page-builder","ast-site-content-layout":"full-width-container","site-content-style":"unboxed","site-sidebar-style":"unboxed","ast-global-header-display":"","ast-banner-title-visibility":"","ast-main-header-display":"","ast-hfb-above-header-display":"","ast-hfb-below-header-display":"","ast-hfb-mobile-header-display":"","site-post-title":"disabled","ast-breadcrumbs-content":"","ast-featured-img":"","footer-sml-layout":"","ast-disable-related-posts":"","theme-transparent-header-meta":"enabled","adv-header-id-meta":"","stick-header-meta":"","header-above-stick-meta":"","header-main-stick-meta":"","header-below-stick-meta":"","astra-migrate-meta-layouts":"set","ast-page-background-enabled":"default","ast-page-background-meta":{"desktop":{"background-color":"var(--ast-global-color-4)","background-image":"","background-repeat":"repeat","background-position":"center center","background-size":"auto","background-attachment":"scroll","background-type":"","background-media":"","overlay-type":"","overlay-color":"","overlay-opacity":"","overlay-gradient":""},"tablet":{"background-color":"","background-image":"","background-repeat":"repeat","background-position":"center center","background-size":"auto","background-attachment":"scroll","background-type":"","background-media":"","overlay-type":"","overlay-color":"","overlay-opacity":"","overlay-gradient":""},"mobile":{"background-color":"","background-image":"","background-repeat":"repeat","background-position":"center center","background-size":"auto","background-attachment":"scroll","background-type":"","background-media":"","overlay-type":"","overlay-color":"","overlay-opacity":"","overlay-gradient":""}},"ast-content-background-meta":{"desktop":{"background-color":"var(--ast-global-color-5)","background-image":"","background-repeat":"repeat","background-position":"center center","background-size":"auto","background-attachment":"scroll","background-type":"","background-media":"","overlay-type":"","overlay-color":"","overlay-opacity":"","overlay-gradient":""},"tablet":{"background-color":"var(--ast-global-color-5)","background-image":"","background-repeat":"repeat","background-position":"center center","background-size":"auto","background-attachment":"scroll","background-type":"","background-media":"","overlay-type":"","overlay-color":"","overlay-opacity":"","overlay-gradient":""},"mobile":{"background-color":"var(--ast-global-color-5)","background-image":"","background-repeat":"repeat","background-position":"center center","background-size":"auto","background-attachment":"scroll","background-type":"","background-media":"","overlay-type":"","overlay-color":"","overlay-opacity":"","overlay-gradient":""}},"footnotes":""},"categories":[],"tags":[],"class_list":["post-314","page","type-page","status-publish","hentry"],"acf":[],"uagb_featured_image_src":{"full":false,"thumbnail":false,"medium":false,"medium_large":false,"large":false,"1536x1536":false,"2048x2048":false,"trp-custom-language-flag":false},"uagb_author_info":{"display_name":"domingo","author_link":"https:\/\/pyphouse.com\/it\/author\/domingo\/"},"uagb_comment_info":0,"uagb_excerpt":"Cont\u00e1ctanos Nos encontramos a s\u00f3lo una llamada o un mensaje de distancia Estamos encantados de escuchar tus necesidades Tel\u00e9fono (+34) 605 62 92 09 Email info@pyphouse.com Direcci\u00f3n Pla\u00e7a de Dalt es Penyals 12, Local07760 Ciudadela, Menorca (Espa\u00f1a) \u00bfC\u00f3mo podemos ayudarte? Escr\u00edbenos","_links":{"self":[{"href":"https:\/\/pyphouse.com\/it\/wp-json\/wp\/v2\/pages\/314","targetHints":{"allow":["GET"]}}],"collection":[{"href":"https:\/\/pyphouse.com\/it\/wp-json\/wp\/v2\/pages"}],"about":[{"href":"https:\/\/pyphouse.com\/it\/wp-json\/wp\/v2\/types\/page"}],"author":[{"embeddable":true,"href":"https:\/\/pyphouse.com\/it\/wp-json\/wp\/v2\/users\/1"}],"replies":[{"embeddable":true,"href":"https:\/\/pyphouse.com\/it\/wp-json\/wp\/v2\/comments?post=314"}],"version-history":[{"count":14,"href":"https:\/\/pyphouse.com\/it\/wp-json\/wp\/v2\/pages\/314\/revisions"}],"predecessor-version":[{"id":1222,"href":"https:\/\/pyphouse.com\/it\/wp-json\/wp\/v2\/pages\/314\/revisions\/1222"}],"wp:attachment":[{"href":"https:\/\/pyphouse.com\/it\/wp-json\/wp\/v2\/media?parent=314"}],"wp:term":[{"taxonomy":"category","embeddable":true,"href":"https:\/\/pyphouse.com\/it\/wp-json\/wp\/v2\/categories?post=314"},{"taxonomy":"post_tag","embeddable":true,"href":"https:\/\/pyphouse.com\/it\/wp-json\/wp\/v2\/tags?post=314"}],"curies":[{"name":"wp","href":"https:\/\/api.w.org\/{rel}","templated":true}]}}