{"id":560,"date":"2024-05-10T13:52:53","date_gmt":"2024-05-10T11:52:53","guid":{"rendered":"https:\/\/pyphouse.com\/?page_id=560"},"modified":"2025-03-06T10:20:57","modified_gmt":"2025-03-06T09:20:57","slug":"empresa-alquiler-vacacional-menorca","status":"publish","type":"page","link":"https:\/\/pyphouse.com\/it\/empresa-alquiler-vacacional-menorca\/","title":{"rendered":"Noi"},"content":{"rendered":"<div class=\"wp-block-uagb-container uagb-block-9ec7f4b7 alignfull uagb-is-root-container\"><div class=\"uagb-container-inner-blocks-wrap\">\n<div class=\"wp-block-uagb-advanced-heading uagb-block-8357f53e\"><h1 class=\"uagb-heading-text\">Expertos en alquiler vacacional e inmobiliaria en Menorca: tu mejor experiencia<\/h1><\/div>\n<\/div><\/div>\n\n\n\n<div class=\"wp-block-uagb-container uagb-block-d1021bd2 alignfull uagb-is-root-container\"><div class=\"uagb-container-inner-blocks-wrap\">\n<div class=\"wp-block-uagb-container uagb-block-12a2c339\">\n<div class=\"wp-block-uagb-image uagb-block-218e80a0 wp-block-uagb-image--layout-default wp-block-uagb-image--effect-static wp-block-uagb-image--align-none\"><figure class=\"wp-block-uagb-image__figure\"><img decoding=\"async\" srcset=\"https:\/\/pyphouse.com\/wp-content\/uploads\/2024\/06\/calamenorca800.jpg ,https:\/\/pyphouse.com\/wp-content\/uploads\/2024\/06\/calamenorca800.jpg 780w, https:\/\/pyphouse.com\/wp-content\/uploads\/2024\/06\/calamenorca800.jpg 360w\" sizes=\"auto, (max-width: 480px) 150px\" src=\"https:\/\/pyphouse.com\/wp-content\/uploads\/2024\/06\/calamenorca800.jpg\" alt=\"\" class=\"uag-image-974\" width=\"1024\" height=\"683\" title=\"calamenorca800\" loading=\"lazy\" role=\"img\"\/><\/figure><\/div>\n<\/div>\n\n\n\n<div class=\"wp-block-uagb-container uagb-block-e30d9eff\">\n<h3 class=\"wp-block-heading\">Creamos experiencias \u00fanicas. Facilitamos inversiones inteligentes.<\/h3>\n\n\n\n<p>P&amp;P House es una empresa familiar con m\u00e1s de 12 a\u00f1os de experiencia en <strong>alquiler vacacional en Menorca<\/strong>. <br>Nos especializamos en ofrecer estancias impecables, cuidando cada detalle para que nuestros hu\u00e9spedes disfruten de la isla sin preocupaciones. Desde alojamientos con encanto hasta un servicio personalizado, nuestra misi\u00f3n es hacer que cada experiencia sea inolvidable.<br><br><strong>Queremos que vuelvas o que te quedes.<\/strong><br><strong><br><\/strong>Nos apasiona Menorca y conocemos su mercado mejor que nadie. Por eso, adem\u00e1s del alquiler vacacional, ayudamos a quienes buscan comprar, vender o alquilar una propiedad en la isla. Sin complicaciones, sin rodeos.<br><strong>T\u00fa disfrutas. Nosotros nos encargamos de todo.<\/strong><\/p>\n<\/div>\n<\/div><\/div>\n\n\n\n<div class=\"wp-block-uagb-container uagb-block-110b0c74 alignfull uagb-is-root-container\"><div class=\"uagb-container-inner-blocks-wrap\">\n<div class=\"wp-block-uagb-container uagb-block-b96a974d\">\n<div class=\"wp-block-uagb-advanced-heading uagb-block-aa838248\"><h6 class=\"uagb-heading-text\">La nostra filosofia<\/h6><div class=\"uagb-separator\"><\/div><\/div>\n\n\n\n<div class=\"wp-block-uagb-advanced-heading uagb-block-8847e19c\"><h2 class=\"uagb-heading-text\">Alla P&amp;P House la nostra priorit\u00e0 \u00e8 il cliente.<\/h2><p class=\"uagb-desc-text\">Creemos que la clave del \u00e9xito est\u00e1 en hacer las cosas bien, sin rodeos. Nuestra forma de trabajar se basa en tres pilares fundamentales<\/p><\/div>\n\n\n\n<div class=\"wp-block-uagb-container uagb-block-5fbeea1d\">\n<div class=\"wp-block-uagb-container uagb-block-42ff1fb2\">\n<div class=\"wp-block-uagb-info-box uagb-block-15d0abbe uagb-infobox__content-wrap  uagb-infobox-icon-above-title uagb-infobox-image-valign-top\"><div class=\"uagb-ifb-content\"><div class=\"uagb-ifb-icon-wrap\"><svg xmlns=\"https:\/\/www.w3.org\/2000\/svg\" viewbox=\"0 0 640 512\"><path d=\"M0 383.9l64 .0404c17.75 0 32-14.29 32-32.03V128.3L0 128.3V383.9zM48 320.1c8.75 0 16 7.118 16 15.99c0 8.742-7.25 15.99-16 15.99S32 344.8 32 336.1C32 327.2 39.25 320.1 48 320.1zM348.8 64c-7.941 0-15.66 2.969-21.52 8.328L228.9 162.3C228.8 162.5 228.8 162.7 228.6 162.7C212 178.3 212.3 203.2 226.5 218.7c12.75 13.1 39.38 17.62 56.13 2.75C282.8 221.3 282.9 221.3 283 221.2l79.88-73.1c6.5-5.871 16.75-5.496 22.62 1c6 6.496 5.5 16.62-1 22.62l-26.12 23.87L504 313.7c2.875 2.496 5.5 4.996 7.875 7.742V127.1c-40.98-40.96-96.48-63.88-154.4-63.88L348.8 64zM334.6 217.4l-30 27.49c-29.75 27.11-75.25 24.49-101.8-4.371C176 211.2 178.1 165.7 207.3 138.9L289.1 64H282.5C224.7 64 169.1 87.08 128.2 127.9L128 351.8l18.25 .0369l90.5 81.82c27.5 22.37 67.75 18.12 90-9.246l18.12 15.24c15.88 12.1 39.38 10.5 52.38-5.371l31.38-38.6l5.374 4.498c13.75 11 33.88 9.002 45-4.748l9.538-11.78c11.12-13.75 9.036-33.78-4.694-44.93L334.6 217.4zM544 128.4v223.6c0 17.62 14.25 32.05 31.1 32.05L640 384V128.1L544 128.4zM592 352c-8.75 0-16-7.246-16-15.99c0-8.875 7.25-15.99 16-15.99S608 327.2 608 336.1C608 344.8 600.8 352 592 352z\"><\/path><\/svg><\/div><div class=\"uagb-ifb-title-wrap\"><h3 class=\"uagb-ifb-title\">Seriet\u00e0<\/h3><\/div><p class=\"uagb-ifb-desc\">Nos tomamos cada reserva, cada cliente y cada propiedad con la m\u00e1xima responsabilidad. Transparencia y compromiso en todo lo que hacemos.<\/p><\/div><\/div>\n<\/div>\n\n\n\n<div class=\"wp-block-uagb-container uagb-block-17d35bd3\">\n<div class=\"wp-block-uagb-info-box uagb-block-06e7856f uagb-infobox__content-wrap  uagb-infobox-icon-above-title uagb-infobox-image-valign-top\"><div class=\"uagb-ifb-content\"><div class=\"uagb-ifb-icon-wrap\"><svg xmlns=\"https:\/\/www.w3.org\/2000\/svg\" viewbox=\"0 0 512 512\"><path d=\"M223.7 130.8L149.1 7.77C147.1 2.949 141.9 0 136.3 0H16.03c-12.95 0-20.53 14.58-13.1 25.18l111.3 158.9C143.9 156.4 181.7 137.3 223.7 130.8zM256 160c-97.25 0-176 78.75-176 176S158.8 512 256 512s176-78.75 176-176S353.3 160 256 160zM348.5 317.3l-37.88 37l8.875 52.25c1.625 9.25-8.25 16.5-16.63 12l-46.88-24.62L209.1 418.5c-8.375 4.5-18.25-2.75-16.63-12l8.875-52.25l-37.88-37C156.6 310.6 160.5 299 169.9 297.6l52.38-7.625L245.7 242.5c2-4.25 6.125-6.375 10.25-6.375S264.2 238.3 266.2 242.5l23.5 47.5l52.38 7.625C351.6 299 355.4 310.6 348.5 317.3zM495.1 0H375.7c-5.621 0-10.83 2.949-13.72 7.77l-73.76 122.1c42 6.5 79.88 25.62 109.5 53.38l111.3-158.9C516.5 14.58 508.9 0 495.1 0z\"><\/path><\/svg><\/div><div class=\"uagb-ifb-title-wrap\"><h3 class=\"uagb-ifb-title\">Qualit\u00e0<\/h3><\/div><p class=\"uagb-ifb-desc\">Nuestro est\u00e1ndar es el cliente. Ya seas hu\u00e9sped o cliente inmobiliario, nos aseguramos de que tu experiencia sea impecable. Alojamientos bien cuidados, procesos transparentes y un servicio que marca la diferencia. <\/p><\/div><\/div>\n<\/div>\n\n\n\n<div class=\"wp-block-uagb-container uagb-block-62fd0ca9\">\n<div class=\"wp-block-uagb-info-box uagb-block-a4257f35 uagb-infobox__content-wrap  uagb-infobox-icon-above-title uagb-infobox-image-valign-top\"><div class=\"uagb-ifb-content\"><div class=\"uagb-ifb-icon-wrap\"><svg xmlns=\"https:\/\/www.w3.org\/2000\/svg\" viewbox=\"0 0 576 512\"><path d=\"M287.1 0C305.7 0 320 14.33 320 32V160C320 177.7 305.7 192 287.1 192C270.3 192 255.1 177.7 255.1 160V109.3L54.63 310.6C42.13 323.1 21.87 323.1 9.372 310.6C-3.124 298.1-3.124 277.9 9.372 265.4L210.7 64H159.1C142.3 64 127.1 49.67 127.1 32C127.1 14.33 142.3 0 159.1 0H287.1zM576 80C576 106.5 554.5 128 528 128C501.5 128 480 106.5 480 80C480 53.49 501.5 32 528 32C554.5 32 576 53.49 576 80zM448 208C448 234.5 426.5 256 400 256C373.5 256 352 234.5 352 208C352 181.5 373.5 160 400 160C426.5 160 448 181.5 448 208zM352 336C352 309.5 373.5 288 400 288C426.5 288 448 309.5 448 336C448 362.5 426.5 384 400 384C373.5 384 352 362.5 352 336zM448 464C448 490.5 426.5 512 400 512C373.5 512 352 490.5 352 464C352 437.5 373.5 416 400 416C426.5 416 448 437.5 448 464zM576 464C576 490.5 554.5 512 528 512C501.5 512 480 490.5 480 464C480 437.5 501.5 416 528 416C554.5 416 576 437.5 576 464zM223.1 336C223.1 309.5 245.5 288 271.1 288C298.5 288 320 309.5 320 336C320 362.5 298.5 384 271.1 384C245.5 384 223.1 362.5 223.1 336zM320 464C320 490.5 298.5 512 271.1 512C245.5 512 223.1 490.5 223.1 464C223.1 437.5 245.5 416 271.1 416C298.5 416 320 437.5 320 464zM95.1 464C95.1 437.5 117.5 416 143.1 416C170.5 416 191.1 437.5 191.1 464C191.1 490.5 170.5 512 143.1 512C117.5 512 95.1 490.5 95.1 464zM576 336C576 362.5 554.5 384 528 384C501.5 384 480 362.5 480 336C480 309.5 501.5 288 528 288C554.5 288 576 309.5 576 336zM480 208C480 181.5 501.5 160 528 160C554.5 160 576 181.5 576 208C576 234.5 554.5 256 528 256C501.5 256 480 234.5 480 208z\"><\/path><\/svg><\/div><div class=\"uagb-ifb-title-wrap\"><h3 class=\"uagb-ifb-title\">Efficacia<\/h3><\/div><p class=\"uagb-ifb-desc\">No vendemos humo. Damos respuestas r\u00e1pidas y soluciones efectivas para que tanto hu\u00e9spedes como propietarios disfruten sin preocupaciones.<\/p><\/div><\/div>\n<\/div>\n<\/div>\n<\/div>\n<\/div><\/div>\n\n\n\n<div class=\"wp-block-uagb-container uagb-block-f94f0b6a alignfull uagb-is-root-container\"><div class=\"uagb-container-inner-blocks-wrap\">\n<div class=\"wp-block-uagb-container uagb-block-dd0bda82\">\n<div class=\"wp-block-uagb-advanced-heading uagb-block-848e3276\"><h2 class=\"uagb-heading-text\">Impegno verso i proprietari e gli ospiti<\/h2><div class=\"uagb-separator\"><\/div><\/div>\n\n\n\n<div class=\"wp-block-uagb-advanced-heading uagb-block-11148bdd\"><h5 class=\"uagb-heading-text\"><span role=\"textbox\" aria-multiline=\"true\" class=\"block-editor-rich-text__editable uagb-heading-text rich-text\" aria-label=\"Write a Heading\" style=\"--tw-border-spacing-x: 0; --tw-border-spacing-y: 0; --tw-translate-x: 0; --tw-translate-y: 0; --tw-rotate: 0; --tw-skew-x: 0; --tw-skew-y: 0; --tw-scale-x: 1; --tw-scale-y: 1; --tw-pan-x: ; --tw-pan-y: ; --tw-pinch-zoom: ; --tw-scroll-snap-strictness: proximity; --tw-gradient-from-position: ; --tw-gradient-via-position: ; --tw-gradient-to-position: ; --tw-ordinal: ; --tw-slashed-zero: ; --tw-numeric-figure: ; --tw-numeric-spacing: ; --tw-numeric-fraction: ; --tw-ring-inset: ; --tw-ring-offset-width: 0px; --tw-ring-offset-color: #fff; --tw-ring-color: rgb(59 130 246 \/ 0.5); --tw-ring-offset-shadow: 0 0 #0000; --tw-ring-shadow: 0 0 #0000; --tw-shadow: 0 0 #0000; --tw-shadow-colored: 0 0 #0000; --tw-blur: ; --tw-brightness: ; --tw-contrast: ; --tw-grayscale: ; --tw-hue-rotate: ; --tw-invert: ; --tw-saturate: ; --tw-sepia: ; --tw-drop-shadow: ; --tw-backdrop-blur: ; --tw-backdrop-brightness: ; --tw-backdrop-contrast: ; --tw-backdrop-grayscale: ; --tw-backdrop-hue-rotate: ; --tw-backdrop-invert: ; --tw-backdrop-opacity: ; --tw-backdrop-saturate: ; --tw-backdrop-sepia: ; --tw-contain-size: ; --tw-contain-layout: ; --tw-contain-paint: ; --tw-contain-style: ; display: block; font-size: 1.315789rem; line-height: 1.2em; word-break: break-word; min-width: 1px;\">En P&amp;P House, la confianza no se pide, se gana. Nos implicamos al 100% con cada propietario que conf\u00eda en nosotros y con cada hu\u00e9sped que elige nuestras viviendas para su estancia en Menorca. <\/span><p role=\"textbox\" aria-multiline=\"true\" class=\"block-editor-rich-text__editable uagb-desc-text rich-text\" aria-label=\"Write a Description\" style=\"--tw-border-spacing-x: 0; --tw-border-spacing-y: 0; --tw-translate-x: 0; --tw-translate-y: 0; --tw-rotate: 0; --tw-skew-x: 0; --tw-skew-y: 0; --tw-scale-x: 1; --tw-scale-y: 1; --tw-pan-x: ; --tw-pan-y: ; --tw-pinch-zoom: ; --tw-scroll-snap-strictness: proximity; --tw-gradient-from-position: ; --tw-gradient-via-position: ; --tw-gradient-to-position: ; --tw-ordinal: ; --tw-slashed-zero: ; --tw-numeric-figure: ; --tw-numeric-spacing: ; --tw-numeric-fraction: ; --tw-ring-inset: ; --tw-ring-offset-width: 0px; --tw-ring-offset-color: #fff; --tw-ring-color: rgb(59 130 246 \/ 0.5); --tw-ring-offset-shadow: 0 0 #0000; --tw-ring-shadow: 0 0 #0000; --tw-shadow: 0 0 #0000; --tw-shadow-colored: 0 0 #0000; --tw-blur: ; --tw-brightness: ; --tw-contrast: ; --tw-grayscale: ; --tw-hue-rotate: ; --tw-invert: ; --tw-saturate: ; --tw-sepia: ; --tw-drop-shadow: ; --tw-backdrop-blur: ; --tw-backdrop-brightness: ; --tw-backdrop-contrast: ; --tw-backdrop-grayscale: ; --tw-backdrop-hue-rotate: ; --tw-backdrop-invert: ; --tw-backdrop-opacity: ; --tw-backdrop-saturate: ; --tw-backdrop-sepia: ; --tw-contain-size: ; --tw-contain-layout: ; --tw-contain-paint: ; --tw-contain-style: ; font-size: 19px; caret-color: rgb(55, 56, 57); color: rgb(55, 56, 57); min-width: 1px;\">Para los Propietarios, maximizamos la rentabilidad de tu vivienda sin que tengas que preocuparte por nada. Nos ocupamos de la gesti\u00f3n integral: promoci\u00f3n, reservas, mantenimiento y atenci\u00f3n personalizada. Tu propiedad, en las mejores manos. <br><br>Para los Hu\u00e9spedes, no solo ofrecemos alojamientos, creamos experiencias. Cuidamos cada detalle para que tu estancia en Menorca sea c\u00f3moda, aut\u00e9ntica y sin imprevistos. Queremos que te sientas en casa desde el primer minuto.<br><br>Sabemos lo que hacemos y lo hacemos bien. <strong style=\"--tw-border-spacing-x: 0; --tw-border-spacing-y: 0; --tw-translate-x: 0; --tw-translate-y: 0; --tw-rotate: 0; --tw-skew-x: 0; --tw-skew-y: 0; --tw-scale-x: 1; --tw-scale-y: 1; --tw-pan-x: ; --tw-pan-y: ; --tw-pinch-zoom: ; --tw-scroll-snap-strictness: proximity; --tw-gradient-from-position: ; --tw-gradient-via-position: ; --tw-gradient-to-position: ; --tw-ordinal: ; --tw-slashed-zero: ; --tw-numeric-figure: ; --tw-numeric-spacing: ; --tw-numeric-fraction: ; --tw-ring-inset: ; --tw-ring-offset-width: 0px; --tw-ring-offset-color: #fff; --tw-ring-color: rgb(59 130 246 \/ 0.5); --tw-ring-offset-shadow: 0 0 #0000; --tw-ring-shadow: 0 0 #0000; --tw-shadow: 0 0 #0000; --tw-shadow-colored: 0 0 #0000; --tw-blur: ; --tw-brightness: ; --tw-contrast: ; --tw-grayscale: ; --tw-hue-rotate: ; --tw-invert: ; --tw-saturate: ; --tw-sepia: ; --tw-drop-shadow: ; --tw-backdrop-blur: ; --tw-backdrop-brightness: ; --tw-backdrop-contrast: ; --tw-backdrop-grayscale: ; --tw-backdrop-hue-rotate: ; --tw-backdrop-invert: ; --tw-backdrop-opacity: ; --tw-backdrop-saturate: ; --tw-backdrop-sepia: ; --tw-contain-size: ; --tw-contain-layout: ; --tw-contain-paint: ; --tw-contain-style: ;\">Compromiso real, resultados garantizados. <\/strong><\/p><\/h5><p class=\"uagb-desc-text\">Para los Propietarios, maximizamos la rentabilidad de tu vivienda sin que tengas que preocuparte por nada. Nos ocupamos de la gesti\u00f3n integral: promoci\u00f3n, reservas, mantenimiento y atenci\u00f3n personalizada. Tu propiedad, en las mejores manos. <br><br>Para los Hu\u00e9spedes, no solo ofrecemos alojamientos, creamos experiencias. Cuidamos cada detalle para que tu estancia en Menorca sea c\u00f3moda, aut\u00e9ntica y sin imprevistos. Queremos que te sientas en casa desde el primer minuto.<br><br>Sabemos lo que hacemos y lo hacemos bien. <strong style=\"--tw-border-spacing-x: 0; --tw-border-spacing-y: 0; --tw-translate-x: 0; --tw-translate-y: 0; --tw-rotate: 0; --tw-skew-x: 0; --tw-skew-y: 0; --tw-scale-x: 1; --tw-scale-y: 1; --tw-pan-x: ; --tw-pan-y: ; --tw-pinch-zoom: ; --tw-scroll-snap-strictness: proximity; --tw-gradient-from-position: ; --tw-gradient-via-position: ; --tw-gradient-to-position: ; --tw-ordinal: ; --tw-slashed-zero: ; --tw-numeric-figure: ; --tw-numeric-spacing: ; --tw-numeric-fraction: ; --tw-ring-inset: ; --tw-ring-offset-width: 0px; --tw-ring-offset-color: #fff; --tw-ring-color: rgb(59 130 246 \/ 0.5); --tw-ring-offset-shadow: 0 0 #0000; --tw-ring-shadow: 0 0 #0000; --tw-shadow: 0 0 #0000; --tw-shadow-colored: 0 0 #0000; --tw-blur: ; --tw-brightness: ; --tw-contrast: ; --tw-grayscale: ; --tw-hue-rotate: ; --tw-invert: ; --tw-saturate: ; --tw-sepia: ; --tw-drop-shadow: ; --tw-backdrop-blur: ; --tw-backdrop-brightness: ; --tw-backdrop-contrast: ; --tw-backdrop-grayscale: ; --tw-backdrop-hue-rotate: ; --tw-backdrop-invert: ; --tw-backdrop-opacity: ; --tw-backdrop-saturate: ; --tw-backdrop-sepia: ; --tw-contain-size: ; --tw-contain-layout: ; --tw-contain-paint: ; --tw-contain-style: ;\">Compromiso real, resultados garantizados. <\/strong><\/p><\/div>\n<\/div>\n\n\n\n<div class=\"wp-block-uagb-container uagb-block-f0c0b37e\">\n<div class=\"wp-block-uagb-image uagb-block-4c4a5697 wp-block-uagb-image--layout-default wp-block-uagb-image--effect-static wp-block-uagb-image--align-none\"><figure class=\"wp-block-uagb-image__figure\"><img decoding=\"async\" srcset=\"https:\/\/pyphouse.com\/wp-content\/uploads\/2024\/06\/picture-holding-hands-with-business-partners-agree-2023-11-27-05-15-46-utc-684x1024.jpg ,https:\/\/pyphouse.com\/wp-content\/uploads\/2024\/06\/picture-holding-hands-with-business-partners-agree-2023-11-27-05-15-46-utc-scaled.jpg 780w, https:\/\/pyphouse.com\/wp-content\/uploads\/2024\/06\/picture-holding-hands-with-business-partners-agree-2023-11-27-05-15-46-utc-scaled.jpg 360w\" sizes=\"auto, (max-width: 480px) 150px\" src=\"https:\/\/pyphouse.com\/wp-content\/uploads\/2024\/06\/picture-holding-hands-with-business-partners-agree-2023-11-27-05-15-46-utc-684x1024.jpg\" alt=\"\" class=\"uag-image-977\" width=\"684\" height=\"1024\" title=\"Immaginate di tenere per mano dei partner commerciali che si accordano per acquistare e\" loading=\"lazy\" role=\"img\"\/><\/figure><\/div>\n<\/div>\n<\/div><\/div>\n\n\n\n<div class=\"wp-block-uagb-container uagb-block-6531b65f alignfull uagb-is-root-container\"><div class=\"uagb-container-inner-blocks-wrap\">\n<div class=\"wp-block-uagb-container uagb-block-771bbdc6\">\n<div class=\"wp-block-uagb-advanced-heading uagb-block-c77450e2\"><h6 class=\"uagb-heading-text\">Contattateci oggi stesso<\/h6><\/div>\n\n\n\n<div class=\"wp-block-uagb-advanced-heading uagb-block-ed792903\"><h3 class=\"uagb-heading-text\">\u00bfHablamos?<\/h3><div class=\"uagb-separator\"><\/div><p class=\"uagb-desc-text\"><br>En P&amp;P House convertimos ideas en realidades, estancias en experiencias y propiedades en oportunidades.<br>Si buscas unas vacaciones sin preocupaciones o quieres rentabilizar tu vivienda en Menorca, est\u00e1s en el lugar adecuado.<br>D\u00e9janos ocuparnos de los detalles. <strong>T\u00fa solo disfruta.<br>Cont\u00e1ctanos hoy mismo y descubre todo lo que podemos hacer por ti.<\/strong><\/p><\/div>\n\n\n\n<div class=\"wp-block-uagb-buttons uagb-buttons__outer-wrap uagb-btn__default-btn uagb-btn-tablet__default-btn uagb-btn-mobile__default-btn uagb-block-64539763\"><div class=\"uagb-buttons__wrap uagb-buttons-layout-wrap\">\n<div class=\"wp-block-uagb-buttons-child uagb-buttons__outer-wrap uagb-block-b418e951 wp-block-button\"><div class=\"uagb-button__wrapper\"><a class=\"uagb-buttons-repeater wp-block-button__link\" aria-label=\"\" href=\"https:\/\/pyphouse.com\/it\/contacto\/\" rel=\"follow noopener\" target=\"_self\" role=\"button\"><div class=\"uagb-button__link\">Contatto<\/div><span class=\"uagb-button__icon uagb-button__icon-position-after\"><svg xmlns=\"https:\/\/www.w3.org\/2000\/svg\" viewbox=\"0 0 448 512\" aria-hidden=\"true\" focussable=\"false\"><path d=\"M438.6 278.6l-160 160C272.4 444.9 264.2 448 256 448s-16.38-3.125-22.62-9.375c-12.5-12.5-12.5-32.75 0-45.25L338.8 288H32C14.33 288 .0016 273.7 .0016 256S14.33 224 32 224h306.8l-105.4-105.4c-12.5-12.5-12.5-32.75 0-45.25s32.75-12.5 45.25 0l160 160C451.1 245.9 451.1 266.1 438.6 278.6z\"><\/path><\/svg><\/span><\/a><\/div><\/div>\n<\/div><\/div>\n<\/div>\n<\/div><\/div>","protected":false},"excerpt":{"rendered":"<p>Expertos en alquiler vacacional e inmobiliaria en Menorca: tu mejor experiencia Creamos experiencias \u00fanicas. Facilitamos inversiones inteligentes. P&amp;P House es una empresa familiar con m\u00e1s de 12 a\u00f1os de experiencia en alquiler vacacional en Menorca. Nos especializamos en ofrecer estancias impecables, cuidando cada detalle para que nuestros hu\u00e9spedes disfruten de la isla sin preocupaciones. Desde [&hellip;]<\/p>","protected":false},"author":1,"featured_media":0,"parent":0,"menu_order":0,"comment_status":"closed","ping_status":"closed","template":"","meta":{"_acf_changed":false,"_uag_custom_page_level_css":"","site-sidebar-layout":"default","site-content-layout":"","ast-site-content-layout":"default","site-content-style":"default","site-sidebar-style":"default","ast-global-header-display":"","ast-banner-title-visibility":"","ast-main-header-display":"","ast-hfb-above-header-display":"","ast-hfb-below-header-display":"","ast-hfb-mobile-header-display":"","site-post-title":"disabled","ast-breadcrumbs-content":"","ast-featured-img":"","footer-sml-layout":"","ast-disable-related-posts":"","theme-transparent-header-meta":"enabled","adv-header-id-meta":"","stick-header-meta":"","header-above-stick-meta":"","header-main-stick-meta":"","header-below-stick-meta":"","astra-migrate-meta-layouts":"set","ast-page-background-enabled":"default","ast-page-background-meta":{"desktop":{"background-color":"var(--ast-global-color-4)","background-image":"","background-repeat":"repeat","background-position":"center center","background-size":"auto","background-attachment":"scroll","background-type":"","background-media":"","overlay-type":"","overlay-color":"","overlay-opacity":"","overlay-gradient":""},"tablet":{"background-color":"","background-image":"","background-repeat":"repeat","background-position":"center center","background-size":"auto","background-attachment":"scroll","background-type":"","background-media":"","overlay-type":"","overlay-color":"","overlay-opacity":"","overlay-gradient":""},"mobile":{"background-color":"","background-image":"","background-repeat":"repeat","background-position":"center center","background-size":"auto","background-attachment":"scroll","background-type":"","background-media":"","overlay-type":"","overlay-color":"","overlay-opacity":"","overlay-gradient":""}},"ast-content-background-meta":{"desktop":{"background-color":"var(--ast-global-color-5)","background-image":"","background-repeat":"repeat","background-position":"center center","background-size":"auto","background-attachment":"scroll","background-type":"","background-media":"","overlay-type":"","overlay-color":"","overlay-opacity":"","overlay-gradient":""},"tablet":{"background-color":"var(--ast-global-color-5)","background-image":"","background-repeat":"repeat","background-position":"center center","background-size":"auto","background-attachment":"scroll","background-type":"","background-media":"","overlay-type":"","overlay-color":"","overlay-opacity":"","overlay-gradient":""},"mobile":{"background-color":"var(--ast-global-color-5)","background-image":"","background-repeat":"repeat","background-position":"center center","background-size":"auto","background-attachment":"scroll","background-type":"","background-media":"","overlay-type":"","overlay-color":"","overlay-opacity":"","overlay-gradient":""}},"footnotes":""},"categories":[],"tags":[],"class_list":["post-560","page","type-page","status-publish","hentry"],"acf":[],"uagb_featured_image_src":{"full":false,"thumbnail":false,"medium":false,"medium_large":false,"large":false,"1536x1536":false,"2048x2048":false,"trp-custom-language-flag":false},"uagb_author_info":{"display_name":"domingo","author_link":"https:\/\/pyphouse.com\/it\/author\/domingo\/"},"uagb_comment_info":0,"uagb_excerpt":"Expertos en alquiler vacacional e inmobiliaria en Menorca: tu mejor experiencia Creamos experiencias \u00fanicas. Facilitamos inversiones inteligentes. P&amp;P House es una empresa familiar con m\u00e1s de 12 a\u00f1os de experiencia en alquiler vacacional en Menorca. Nos especializamos en ofrecer estancias impecables, cuidando cada detalle para que nuestros hu\u00e9spedes disfruten de la isla sin preocupaciones. Desde&hellip;","_links":{"self":[{"href":"https:\/\/pyphouse.com\/it\/wp-json\/wp\/v2\/pages\/560","targetHints":{"allow":["GET"]}}],"collection":[{"href":"https:\/\/pyphouse.com\/it\/wp-json\/wp\/v2\/pages"}],"about":[{"href":"https:\/\/pyphouse.com\/it\/wp-json\/wp\/v2\/types\/page"}],"author":[{"embeddable":true,"href":"https:\/\/pyphouse.com\/it\/wp-json\/wp\/v2\/users\/1"}],"replies":[{"embeddable":true,"href":"https:\/\/pyphouse.com\/it\/wp-json\/wp\/v2\/comments?post=560"}],"version-history":[{"count":16,"href":"https:\/\/pyphouse.com\/it\/wp-json\/wp\/v2\/pages\/560\/revisions"}],"predecessor-version":[{"id":1182,"href":"https:\/\/pyphouse.com\/it\/wp-json\/wp\/v2\/pages\/560\/revisions\/1182"}],"wp:attachment":[{"href":"https:\/\/pyphouse.com\/it\/wp-json\/wp\/v2\/media?parent=560"}],"wp:term":[{"taxonomy":"category","embeddable":true,"href":"https:\/\/pyphouse.com\/it\/wp-json\/wp\/v2\/categories?post=560"},{"taxonomy":"post_tag","embeddable":true,"href":"https:\/\/pyphouse.com\/it\/wp-json\/wp\/v2\/tags?post=560"}],"curies":[{"name":"wp","href":"https:\/\/api.w.org\/{rel}","templated":true}]}}