{"id":993,"date":"2024-06-19T18:51:25","date_gmt":"2024-06-19T16:51:25","guid":{"rendered":"https:\/\/pyphouse.com\/?page_id=993"},"modified":"2024-06-19T18:51:27","modified_gmt":"2024-06-19T16:51:27","slug":"declaracion-de-accesibilidad","status":"publish","type":"page","link":"https:\/\/pyphouse.com\/it\/declaracion-de-accesibilidad\/","title":{"rendered":"Dichiarazione di accessibilit\u00e0"},"content":{"rendered":"<p>Questa \u00e8 una dichiarazione di accessibilit\u00e0 di P&amp;P HOUSE:<\/p>\n\n\n\n<h3 class=\"wp-block-heading\">Stato di conformit\u00e0<\/h3>\n\n\n\n<p>Il\u00a0<a href=\"https:\/\/www.w3.org\/WAI\/standards-guidelines\/wcag\/\" target=\"_blank\" rel=\"noreferrer noopener\">Linee guida per l'accessibilit\u00e0 dei contenuti web (WCAG)<\/a>\u00a0definisce i requisiti per i progettisti e gli sviluppatori al fine di migliorare l'accessibilit\u00e0 per le persone con disabilit\u00e0. Definisce tre livelli di conformit\u00e0: Livello A, Livello AA e Livello AAA. P&amp;P HOUSE \u00e8 parzialmente conforme alle WCAG 2.1 Livello AA. Parzialmente conforme significa che alcune parti del contenuto non sono completamente conformi allo standard di accessibilit\u00e0.<\/p>","protected":false},"excerpt":{"rendered":"<p>Questa \u00e8 una dichiarazione di accessibilit\u00e0 di P&amp;P HOUSE: Stato di conformit\u00e0 Le Linee guida per l'accessibilit\u00e0 dei contenuti Web (WCAG) definiscono i requisiti per i progettisti e gli sviluppatori al fine di migliorare l'accessibilit\u00e0 per le persone con disabilit\u00e0. Definisce tre livelli di conformit\u00e0: Livello A, Livello AA e Livello AAA. P&amp;P HOUSE \u00e8 parzialmente conforme alle WCAG 2.1 livello AA. Parzialmente conforme significa che alcuni [...]<\/p>","protected":false},"author":1,"featured_media":0,"parent":0,"menu_order":0,"comment_status":"closed","ping_status":"closed","template":"","meta":{"_acf_changed":false,"_uag_custom_page_level_css":"","site-sidebar-layout":"default","site-content-layout":"","ast-site-content-layout":"default","site-content-style":"default","site-sidebar-style":"default","ast-global-header-display":"","ast-banner-title-visibility":"","ast-main-header-display":"","ast-hfb-above-header-display":"","ast-hfb-below-header-display":"","ast-hfb-mobile-header-display":"","site-post-title":"","ast-breadcrumbs-content":"","ast-featured-img":"","footer-sml-layout":"","ast-disable-related-posts":"","theme-transparent-header-meta":"","adv-header-id-meta":"","stick-header-meta":"","header-above-stick-meta":"","header-main-stick-meta":"","header-below-stick-meta":"","astra-migrate-meta-layouts":"set","ast-page-background-enabled":"default","ast-page-background-meta":{"desktop":{"background-color":"var(--ast-global-color-4)","background-image":"","background-repeat":"repeat","background-position":"center center","background-size":"auto","background-attachment":"scroll","background-type":"","background-media":"","overlay-type":"","overlay-color":"","overlay-opacity":"","overlay-gradient":""},"tablet":{"background-color":"","background-image":"","background-repeat":"repeat","background-position":"center center","background-size":"auto","background-attachment":"scroll","background-type":"","background-media":"","overlay-type":"","overlay-color":"","overlay-opacity":"","overlay-gradient":""},"mobile":{"background-color":"","background-image":"","background-repeat":"repeat","background-position":"center center","background-size":"auto","background-attachment":"scroll","background-type":"","background-media":"","overlay-type":"","overlay-color":"","overlay-opacity":"","overlay-gradient":""}},"ast-content-background-meta":{"desktop":{"background-color":"var(--ast-global-color-5)","background-image":"","background-repeat":"repeat","background-position":"center center","background-size":"auto","background-attachment":"scroll","background-type":"","background-media":"","overlay-type":"","overlay-color":"","overlay-opacity":"","overlay-gradient":""},"tablet":{"background-color":"var(--ast-global-color-5)","background-image":"","background-repeat":"repeat","background-position":"center center","background-size":"auto","background-attachment":"scroll","background-type":"","background-media":"","overlay-type":"","overlay-color":"","overlay-opacity":"","overlay-gradient":""},"mobile":{"background-color":"var(--ast-global-color-5)","background-image":"","background-repeat":"repeat","background-position":"center center","background-size":"auto","background-attachment":"scroll","background-type":"","background-media":"","overlay-type":"","overlay-color":"","overlay-opacity":"","overlay-gradient":""}},"footnotes":""},"categories":[],"tags":[],"class_list":["post-993","page","type-page","status-publish","hentry"],"acf":[],"uagb_featured_image_src":{"full":false,"thumbnail":false,"medium":false,"medium_large":false,"large":false,"1536x1536":false,"2048x2048":false,"trp-custom-language-flag":false},"uagb_author_info":{"display_name":"domingo","author_link":"https:\/\/pyphouse.com\/it\/author\/domingo\/"},"uagb_comment_info":0,"uagb_excerpt":"\u00c9sta es una declaraci\u00f3n de accesibilidad de P&amp;P HOUSE: Estado de conformidad Las\u00a0Pautas de Accesibilidad para el Contenido Web (WCAG)\u00a0definen los requisitos para que los dise\u00f1adores y desarrolladores mejoren la accesibilidad para las personas con discapacidades.\u00a0Define tres niveles de conformidad: Nivel A, Nivel AA y Nivel AAA.\u00a0P&amp;P HOUSE es\u00a0parcialmente conforme\u00a0con\u00a0WCAG 2.1 nivel AA.\u00a0Parcialmente conforme\u00a0significa que\u00a0algunas&hellip;","_links":{"self":[{"href":"https:\/\/pyphouse.com\/it\/wp-json\/wp\/v2\/pages\/993","targetHints":{"allow":["GET"]}}],"collection":[{"href":"https:\/\/pyphouse.com\/it\/wp-json\/wp\/v2\/pages"}],"about":[{"href":"https:\/\/pyphouse.com\/it\/wp-json\/wp\/v2\/types\/page"}],"author":[{"embeddable":true,"href":"https:\/\/pyphouse.com\/it\/wp-json\/wp\/v2\/users\/1"}],"replies":[{"embeddable":true,"href":"https:\/\/pyphouse.com\/it\/wp-json\/wp\/v2\/comments?post=993"}],"version-history":[{"count":1,"href":"https:\/\/pyphouse.com\/it\/wp-json\/wp\/v2\/pages\/993\/revisions"}],"predecessor-version":[{"id":994,"href":"https:\/\/pyphouse.com\/it\/wp-json\/wp\/v2\/pages\/993\/revisions\/994"}],"wp:attachment":[{"href":"https:\/\/pyphouse.com\/it\/wp-json\/wp\/v2\/media?parent=993"}],"wp:term":[{"taxonomy":"category","embeddable":true,"href":"https:\/\/pyphouse.com\/it\/wp-json\/wp\/v2\/categories?post=993"},{"taxonomy":"post_tag","embeddable":true,"href":"https:\/\/pyphouse.com\/it\/wp-json\/wp\/v2\/tags?post=993"}],"curies":[{"name":"wp","href":"https:\/\/api.w.org\/{rel}","templated":true}]}}